{"id":5531,"date":"2026-04-15T11:17:21","date_gmt":"2026-04-15T09:17:21","guid":{"rendered":"https:\/\/www.cloudmaven.com\/blog"},"modified":"2026-05-04T14:31:55","modified_gmt":"2026-05-04T12:31:55","slug":"blog","status":"publish","type":"page","link":"https:\/\/www.cloudmaven.com\/de-de\/blog","title":{"rendered":"Blog"},"content":{"rendered":"<div class=\"wp-block-cover alignfull\"><img decoding=\"async\" class=\"wp-block-cover__image-background wp-image-125 size-full\" alt=\"\" src=\"https:\/\/www.cloudmaven.com\/wp-content\/uploads\/2025\/12\/header_background-01.svg\" data-object-fit=\"cover\"\/><span aria-hidden=\"true\" class=\"wp-block-cover__background has-background-dim\" style=\"background-color:#10537b\"><\/span><div class=\"wp-block-cover__inner-container is-layout-constrained wp-block-cover-is-layout-constrained\"> <div class=\"wp-block-columns alignwide is-layout-flex wp-container-core-columns-is-layout-e56ad5c0 wp-block-columns-is-layout-flex\"> <div class=\"wp-block-column is-vertically-aligned-center is-layout-flow wp-block-column-is-layout-flow\"><h1 class=\"wp-block-post-title\">Blog<\/h1>   <p>Dieser Blog bietet praktische Tipps und Tricks f\u00fcr Integrationen, Netsuite Spezialf\u00e4lle und hilfreiche Unterst\u00fctzung f\u00fcr Ihre t\u00e4gliche Arbeit.<\/p> <\/div>    <div class=\"wp-block-column is-vertically-aligned-center is-layout-flow wp-block-column-is-layout-flow\"> <figure class=\"wp-block-image size-full\"><img loading=\"lazy\" decoding=\"async\" width=\"2428\" height=\"2085\" src=\"https:\/\/www.cloudmaven.com\/wp-content\/uploads\/2026\/04\/robot-blog.png\" alt=\"\" class=\"wp-image-5041\" srcset=\"https:\/\/www.cloudmaven.com\/wp-content\/uploads\/2026\/04\/robot-blog.png 2428w, https:\/\/www.cloudmaven.com\/wp-content\/uploads\/2026\/04\/robot-blog-300x258.png 300w, https:\/\/www.cloudmaven.com\/wp-content\/uploads\/2026\/04\/robot-blog-1024x879.png 1024w, https:\/\/www.cloudmaven.com\/wp-content\/uploads\/2026\/04\/robot-blog-768x660.png 768w, https:\/\/www.cloudmaven.com\/wp-content\/uploads\/2026\/04\/robot-blog-1536x1319.png 1536w, https:\/\/www.cloudmaven.com\/wp-content\/uploads\/2026\/04\/robot-blog-2048x1759.png 2048w\" sizes=\"auto, (max-width: 2428px) 100vw, 2428px\" \/><\/figure> <\/div> <\/div> <\/div><\/div>  <div class=\"wp-block-query is-layout-flow wp-block-query-is-layout-flow\"><ul class=\"wp-block-post-template is-layout-flow wp-block-post-template-is-layout-flow\"><li class=\"wp-block-post post-5546 post type-post status-publish format-standard has-post-thumbnail hentry category-uncategorized-de-de\">  <div class=\"wp-block-columns is-layout-flex wp-container-core-columns-is-layout-28f84493 wp-block-columns-is-layout-flex\"> <div class=\"wp-block-column is-layout-flow wp-block-column-is-layout-flow\" style=\"flex-basis:33.33%\"><figure class=\"wp-block-post-featured-image\"><a href=\"https:\/\/www.cloudmaven.com\/de-de\/blog\/wie-sie-den-monatsabschluss-beschleunigen-ein-strategischer-leitfaden-fuer-finanzverantwortliche\" target=\"_self\"  ><img loading=\"lazy\" decoding=\"async\" width=\"1024\" height=\"489\" src=\"https:\/\/www.cloudmaven.com\/wp-content\/uploads\/2026\/01\/thmb-1180-epm-1024x489.avif\" class=\"attachment-large size-large wp-post-image\" alt=\"Wie Sie den Monatsabschluss beschleunigen: Ein strategischer Leitfaden f\u00fcr Finanzverantwortliche\" style=\"object-fit:cover;\" srcset=\"https:\/\/www.cloudmaven.com\/wp-content\/uploads\/2026\/01\/thmb-1180-epm-1024x489.avif 1024w, https:\/\/www.cloudmaven.com\/wp-content\/uploads\/2026\/01\/thmb-1180-epm-300x143.avif 300w, https:\/\/www.cloudmaven.com\/wp-content\/uploads\/2026\/01\/thmb-1180-epm-768x366.avif 768w, https:\/\/www.cloudmaven.com\/wp-content\/uploads\/2026\/01\/thmb-1180-epm.avif 1180w\" sizes=\"auto, (max-width: 1024px) 100vw, 1024px\" \/><\/a><\/figure><\/div>    <div class=\"wp-block-column is-layout-flow wp-block-column-is-layout-flow\" style=\"flex-basis:66.66%\"><div class=\"wp-block-post-date has-x-small-font-size\"><time datetime=\"2026-04-15T11:16:49+02:00\">15. April 2026<\/time><\/div>  <h2 class=\"wp-block-post-title\"><a href=\"https:\/\/www.cloudmaven.com\/de-de\/blog\/wie-sie-den-monatsabschluss-beschleunigen-ein-strategischer-leitfaden-fuer-finanzverantwortliche\" target=\"_self\" >Wie Sie den Monatsabschluss beschleunigen: Ein strategischer Leitfaden f\u00fcr Finanzverantwortliche<\/a><\/h2>  <div class=\"wp-block-post-excerpt\"><p class=\"wp-block-post-excerpt__excerpt\">Ein praktischer Leitfaden f\u00fcr den Monatsabschlussprozess, der die wichtigsten Engp\u00e4sse und bew\u00e4hrte Strategien aufzeigt, um die Abschlusszeit um bis zu 70% zu verk\u00fcrzen und Finanzteams von reaktiven zu wachstumsf\u00f6rdernden Teams zu machen.<\/p><p class=\"wp-block-post-excerpt__more-text\"><a class=\"wp-block-post-excerpt__more-link\" href=\"https:\/\/www.cloudmaven.com\/de-de\/blog\/wie-sie-den-monatsabschluss-beschleunigen-ein-strategischer-leitfaden-fuer-finanzverantwortliche\">weiterlesen<\/a><\/p><\/div><\/div> <\/div>  <\/li><\/ul>    <\/div>","protected":false},"excerpt":{"rendered":"","protected":false},"author":1,"featured_media":0,"parent":0,"menu_order":7,"comment_status":"closed","ping_status":"closed","template":"","meta":{"_acf_changed":false,"footnotes":""},"class_list":["post-5531","page","type-page","status-publish","hentry"],"acf":[],"_links":{"self":[{"href":"https:\/\/www.cloudmaven.com\/de-de\/wp-json\/wp\/v2\/pages\/5531","targetHints":{"allow":["GET"]}}],"collection":[{"href":"https:\/\/www.cloudmaven.com\/de-de\/wp-json\/wp\/v2\/pages"}],"about":[{"href":"https:\/\/www.cloudmaven.com\/de-de\/wp-json\/wp\/v2\/types\/page"}],"author":[{"embeddable":true,"href":"https:\/\/www.cloudmaven.com\/de-de\/wp-json\/wp\/v2\/users\/1"}],"replies":[{"embeddable":true,"href":"https:\/\/www.cloudmaven.com\/de-de\/wp-json\/wp\/v2\/comments?post=5531"}],"version-history":[{"count":1,"href":"https:\/\/www.cloudmaven.com\/de-de\/wp-json\/wp\/v2\/pages\/5531\/revisions"}],"predecessor-version":[{"id":5532,"href":"https:\/\/www.cloudmaven.com\/de-de\/wp-json\/wp\/v2\/pages\/5531\/revisions\/5532"}],"wp:attachment":[{"href":"https:\/\/www.cloudmaven.com\/de-de\/wp-json\/wp\/v2\/media?parent=5531"}],"curies":[{"name":"wp","href":"https:\/\/api.w.org\/{rel}","templated":true}]}}