{"id":5501,"date":"2026-04-27T13:34:32","date_gmt":"2026-04-27T11:34:32","guid":{"rendered":"https:\/\/www.cloudmaven.com\/digitale-loesungen\/enterprise-performance-management-epm\/unsere-expertise"},"modified":"2026-05-04T16:49:26","modified_gmt":"2026-05-04T14:49:26","slug":"unsere-expertise","status":"publish","type":"page","link":"https:\/\/www.cloudmaven.com\/de-de\/digitale-loesungen\/enterprise-performance-management-epm\/unsere-expertise","title":{"rendered":"Unsere Expertise"},"content":{"rendered":"<div class=\"wp-block-cover alignfull\"><img decoding=\"async\" class=\"wp-block-cover__image-background wp-image-361 size-full\" alt=\"\" src=\"https:\/\/www.cloudmaven.com\/wp-content\/uploads\/2025\/12\/header_background-03.svg\" data-object-fit=\"cover\"\/><span aria-hidden=\"true\" class=\"wp-block-cover__background has-background-dim\" style=\"background-color:#10547c\"><\/span><div class=\"wp-block-cover__inner-container is-layout-constrained wp-block-cover-is-layout-constrained\"> <div class=\"wp-block-columns alignwide is-style-columns-reverse is-layout-flex wp-container-core-columns-is-layout-9c355430 wp-block-columns-is-layout-flex\"> <div class=\"wp-block-column is-vertically-aligned-center is-layout-flow wp-block-column-is-layout-flow\" style=\"flex-basis:60%\"> <h1 class=\"wp-block-heading\">EPM Expertise<\/h1>    <p class=\"has-medium-font-size\">Ein strukturierter \u00dcberblick \u00fcber die Oracle EPM-Expertise von Cloudmaven, die sich auf die Bereiche Planung, Strategieumsetzung, Konsolidierung, ESG und Rentabilit\u00e4t erstreckt und zeigt, wie integrierte, treiberbasierte L\u00f6sungen Tabellenkalkulationen ersetzen, die Transparenz verbessern und datengest\u00fctzte Entscheidungsfindung im gesamten Unternehmen erm\u00f6glichen.<\/p>    <div class=\"wp-block-buttons is-layout-flex wp-block-buttons-is-layout-flex\"> <div class=\"wp-block-button is-style-demo_button\"><a class=\"wp-block-button__link wp-element-button\" href=\"&lt;!--[CDATA[https:\/\/meetings-eu1.hubspot.com\/lars-kirschstein\/lars-kirschstein-?uuid=af2e0bbd-e91b-4493-933b-0bcfb32a194d]]--&gt;\">Demo buchen<\/a><\/div> <\/div> <\/div>    <div class=\"wp-block-column is-vertically-aligned-center is-layout-flow wp-block-column-is-layout-flow\"> <figure class=\"wp-block-image size-full\"><img decoding=\"async\" src=\"https:\/\/www.cloudmaven.com\/wp-content\/uploads\/2026\/04\/illustration_epm_expertise.svg\" alt=\"\" class=\"wp-image-5307\"\/><\/figure> <\/div> <\/div> <\/div><\/div>      <div id=\"breadcrumbs-block_29369b35211af38e1cb1b5068db982cb\" class=\"breadcrumbs alignfull\">      <nav class=\"breadcrumbs-nav\">                 <a href=\"https:\/\/www.cloudmaven.com\/de-de\" class=\"home-link\">             <svg width=\"20\" height=\"16\" viewbox=\"0 0 20 16\" fill=\"none\" xmlns=\"http:\/\/www.w3.org\/2000\/svg\">                 <path d=\"M3.33334 15.5001V7.68761L1.83334 8.83344L0.833344 7.50011L10 0.500107L19.1667 7.50011L18.1667 8.81261L16.6667 7.68761V15.5001H3.33334ZM6.66668 10.5001C6.43057 10.5001 6.23265 10.4202 6.07293 10.2605C5.91321 10.1008 5.83334 9.90288 5.83334 9.66677C5.83334 9.43066 5.91321 9.23275 6.07293 9.07302C6.23265 8.9133 6.43057 8.83344 6.66668 8.83344C6.90279 8.83344 7.10071 8.9133 7.26043 9.07302C7.42015 9.23275 7.50001 9.43066 7.50001 9.66677C7.50001 9.90288 7.42015 10.1008 7.26043 10.2605C7.10071 10.4202 6.90279 10.5001 6.66668 10.5001ZM10 10.5001C9.7639 10.5001 9.56598 10.4202 9.40626 10.2605C9.24654 10.1008 9.16668 9.90288 9.16668 9.66677C9.16668 9.43066 9.24654 9.23275 9.40626 9.07302C9.56598 8.9133 9.7639 8.83344 10 8.83344C10.2361 8.83344 10.434 8.9133 10.5938 9.07302C10.7535 9.23275 10.8333 9.43066 10.8333 9.66677C10.8333 9.90288 10.7535 10.1008 10.5938 10.2605C10.434 10.4202 10.2361 10.5001 10 10.5001ZM13.3333 10.5001C13.0972 10.5001 12.8993 10.4202 12.7396 10.2605C12.5799 10.1008 12.5 9.90288 12.5 9.66677C12.5 9.43066 12.5799 9.23275 12.7396 9.07302C12.8993 8.9133 13.0972 8.83344 13.3333 8.83344C13.5695 8.83344 13.7674 8.9133 13.9271 9.07302C14.0868 9.23275 14.1667 9.43066 14.1667 9.66677C14.1667 9.90288 14.0868 10.1008 13.9271 10.2605C13.7674 10.4202 13.5695 10.5001 13.3333 10.5001Z\" fill=\"#939090\"\/>             <\/svg>         <\/a>             <\/nav> <\/div>   <h2 class=\"wp-block-heading alignwide\">Entdecken Sie unsere EPM Expertise<\/h2>    <div class=\"teaserlist teaser_style_icons alignwide wp-block-acf-teaserlist\">                             <div class=\"teaserlist-teaser\">               <div class=\"wp-block-column is-layout-flow wp-block-column-is-layout-flow\">                                                                          <div class=\"teaser-icon-and-title wp-block-group is-nowrap is-layout-flex wp-container-core-group-is-layout-cd9ab148 wp-block-group-is-layout-flex\">                                             <a href=\"https:\/\/www.cloudmaven.com\/de-de\/digitale-loesungen\/enterprise-performance-management-epm\/unsere-expertise\/strategie-entwicklung\" class=\"teaser-title\"><h3 class=\"wp-block-heading has-text-align-left\">Strategie-Entwicklung<\/h3><\/a>                     <\/div>                                                                           <p class=\"has-text-align-left\">Cloudmaven hilft Ihnen, die Struktur aufzubauen, die eine Strategie realistisch &#8211; und messbar &#8211; macht.  Eine erfolgreiche Strategie ist mehr als ein Pr\u00e4sentationsdeck &#8211; sie erfordert klare Verantwortlichkeiten, messbare Ergebnisse und eine Abstimmung innerhalb der gesamten Organisation.  Inspiriert vom ergebnisorientierten Management (RBM) erm\u00f6glichen wir Unternehmen, \u00f6ffentlichen Einrichtungen und internationalen Organisationen, langfristige Ziele mit der t\u00e4glichen Umsetzung zu verbinden.<\/p>                                    <div class=\"wp-block-buttons is-content-justification-center is-layout-flex wp-block-buttons-is-layout-flex\">                      <div class=\"wp-block-button is-style-fill\">                       <a class=\"wp-block-button__link wp-element-button\" href=\"https:\/\/www.cloudmaven.com\/de-de\/digitale-loesungen\/enterprise-performance-management-epm\/unsere-expertise\/strategie-entwicklung\">Learn more<\/a>                     <\/div>                    <\/div>                                                <\/div>                        <\/div>                         <div class=\"teaserlist-teaser\">               <div class=\"wp-block-column is-layout-flow wp-block-column-is-layout-flow\">                                                                          <div class=\"teaser-icon-and-title wp-block-group is-nowrap is-layout-flex wp-container-core-group-is-layout-cd9ab148 wp-block-group-is-layout-flex\">                                             <a href=\"https:\/\/www.cloudmaven.com\/de-de\/digitale-loesungen\/enterprise-performance-management-epm\/unsere-expertise\/planung-budgetierung-prognosen\" class=\"teaser-title\"><h3 class=\"wp-block-heading has-text-align-left\">Planung, Budgetierung &amp; Prognosen<\/h3><\/a>                     <\/div>                                                                           <p class=\"has-text-align-left\">Wir bei Cloudmaven entwerfen und implementieren durchg\u00e4ngige Planungs-, Budgetierungs- und Prognosel\u00f6sungen auf der Basis von Oracle EPM &#8211; f\u00fcr Top-Down-Ziele, Bottom-Up-Pl\u00e4ne, Personal, Investitionsausgaben, Einnahmen und Barmittel.  Wir helfen Unternehmen dabei, von tabellenbasierten Jahreszyklen zu rollierenden Prognosen, treiberbasierten Modellen und integrierter Gesch\u00e4ftsplanung (xP&amp;A) \u00fcberzugehen.<\/p>                                    <div class=\"wp-block-buttons is-content-justification-center is-layout-flex wp-block-buttons-is-layout-flex\">                      <div class=\"wp-block-button is-style-fill\">                       <a class=\"wp-block-button__link wp-element-button\" href=\"https:\/\/www.cloudmaven.com\/de-de\/digitale-loesungen\/enterprise-performance-management-epm\/unsere-expertise\/planung-budgetierung-prognosen\">Learn more<\/a>                     <\/div>                    <\/div>                                                <\/div>                        <\/div>                         <div class=\"teaserlist-teaser\">               <div class=\"wp-block-column is-layout-flow wp-block-column-is-layout-flow\">                                                                          <div class=\"teaser-icon-and-title wp-block-group is-nowrap is-layout-flex wp-container-core-group-is-layout-cd9ab148 wp-block-group-is-layout-flex\">                                             <a href=\"https:\/\/www.cloudmaven.com\/de-de\/digitale-loesungen\/enterprise-performance-management-epm\/unsere-expertise\/rentabilitaet-kostenmanagement\" class=\"teaser-title\"><h3 class=\"wp-block-heading has-text-align-left\">Rentabilit\u00e4t &amp; Kostenmanagement<\/h3><\/a>                     <\/div>                                                                           <p class=\"has-text-align-left\">Wir bei Cloudmaven entwickeln und implementieren L\u00f6sungen f\u00fcr das Rentabilit\u00e4ts- und Kostenmanagement auf der Basis von Oracle EPM und verwandeln komplexe Zuweisungslogiken in transparente, entscheidungsreife Erkenntnisse.  Wir machen Zuweisungen vertretbar und nachpr\u00fcfbar: Jeder Dollar an Kosten ist von seinem Ursprung bis zu seiner endg\u00fcltigen Rentabilit\u00e4tsdimension nachvollziehbar, ohne Blackbox-Logik.<\/p>                                    <div class=\"wp-block-buttons is-content-justification-center is-layout-flex wp-block-buttons-is-layout-flex\">                      <div class=\"wp-block-button is-style-fill\">                       <a class=\"wp-block-button__link wp-element-button\" href=\"https:\/\/www.cloudmaven.com\/de-de\/digitale-loesungen\/enterprise-performance-management-epm\/unsere-expertise\/rentabilitaet-kostenmanagement\">Learn more<\/a>                     <\/div>                    <\/div>                                                <\/div>                        <\/div>                         <div class=\"teaserlist-teaser\">               <div class=\"wp-block-column is-layout-flow wp-block-column-is-layout-flow\">                                                                          <div class=\"teaser-icon-and-title wp-block-group is-nowrap is-layout-flex wp-container-core-group-is-layout-cd9ab148 wp-block-group-is-layout-flex\">                                             <a href=\"https:\/\/www.cloudmaven.com\/de-de\/digitale-loesungen\/enterprise-performance-management-epm\/unsere-expertise\/strategische-modellierung\" class=\"teaser-title\"><h3 class=\"wp-block-heading has-text-align-left\">Strategische Modellierung<\/h3><\/a>                     <\/div>                                                                           <p class=\"has-text-align-left\">Strategische Entscheidungen verdienen mehr als statische Tabellenkalkulationen. Sie erfordern dynamische, treiberbasierte Modelle, die die operative Realit\u00e4t mit den finanziellen Ergebnissen verbinden.   Bei Cloudmaven entwickeln wir strategische Finanzmodelle, die Volumen, Preis, Kapazit\u00e4t, Kosten und Kapitalstruktur in einen einzigen koh\u00e4renten Rahmen integrieren.  Unsere Modelle basieren auf Oracle EPM und nutzen Strategic Modeling, Planning und Predictive Planning, um Skalierbarkeit, Governance und eine einzige zuverl\u00e4ssige Quelle f\u00fcr die Entscheidungsfindung von F\u00fchrungskr\u00e4ften zu gew\u00e4hrleisten.<\/p>                                    <div class=\"wp-block-buttons is-content-justification-center is-layout-flex wp-block-buttons-is-layout-flex\">                      <div class=\"wp-block-button is-style-fill\">                       <a class=\"wp-block-button__link wp-element-button\" href=\"https:\/\/www.cloudmaven.com\/de-de\/digitale-loesungen\/enterprise-performance-management-epm\/unsere-expertise\/strategische-modellierung\">Learn more<\/a>                     <\/div>                    <\/div>                                                <\/div>                        <\/div>                         <div class=\"teaserlist-teaser\">               <div class=\"wp-block-column is-layout-flow wp-block-column-is-layout-flow\">                                                                          <div class=\"teaser-icon-and-title wp-block-group is-nowrap is-layout-flex wp-container-core-group-is-layout-cd9ab148 wp-block-group-is-layout-flex\">                                             <a href=\"https:\/\/www.cloudmaven.com\/de-de\/digitale-loesungen\/enterprise-performance-management-epm\/unsere-expertise\/esg-berichterstattung\" class=\"teaser-title\"><h3 class=\"wp-block-heading has-text-align-left\">ESG-Berichterstattung<\/h3><\/a>                     <\/div>                                                                           <p class=\"has-text-align-left\">Cloudmaven unterst\u00fctzt Unternehmen bei der Entwicklung und Implementierung von L\u00f6sungen f\u00fcr die ESG-Berichterstattung, die Nachhaltigkeitsdaten mit Finanzsystemen kombinieren.  Unsere L\u00f6sungen decken den gesamten ESG-Zyklus ab: Datenerfassung, Berechnung, Kontrolle, Validierung und Offenlegung &#8211; abgestimmt auf CSRD, ESRS, GRI, SASB und TCFD.  Wir bringen Strenge in die ESG-Berichterstattung: klare Eigentumsverh\u00e4ltnisse, \u00fcberpr\u00fcfbare Prozesse, nachvollziehbare Daten und Offenlegungen, die f\u00fcr eine externe Pr\u00fcfung bereit sind.<\/p>                                    <div class=\"wp-block-buttons is-content-justification-center is-layout-flex wp-block-buttons-is-layout-flex\">                      <div class=\"wp-block-button is-style-fill\">                       <a class=\"wp-block-button__link wp-element-button\" href=\"https:\/\/www.cloudmaven.com\/de-de\/digitale-loesungen\/enterprise-performance-management-epm\/unsere-expertise\/esg-berichterstattung\">Learn more<\/a>                     <\/div>                    <\/div>                                                <\/div>                        <\/div>                         <div class=\"teaserlist-teaser\">               <div class=\"wp-block-column is-layout-flow wp-block-column-is-layout-flow\">                                                                          <div class=\"teaser-icon-and-title wp-block-group is-nowrap is-layout-flex wp-container-core-group-is-layout-cd9ab148 wp-block-group-is-layout-flex\">                                             <a href=\"https:\/\/www.cloudmaven.com\/de-de\/digitale-loesungen\/enterprise-performance-management-epm\/unsere-expertise\/finanzielle-konsolidierung-abschluss\" class=\"teaser-title\"><h3 class=\"wp-block-heading has-text-align-left\">Finanzielle Konsolidierung &amp; Abschluss<\/h3><\/a>                     <\/div>                                                                           <p class=\"has-text-align-left\">Wir bei Cloudmaven entwickeln und implementieren L\u00f6sungen f\u00fcr die Finanzkonsolidierung und -abschl\u00fcsse in Oracle EPM &#8211; und automatisieren dabei die Eliminierung zwischen den Unternehmen, die W\u00e4hrungsumrechnung, die Aufnahme von Eigenkapital, Minderheitsbeteiligungen und die Konzernberichterstattung.  Wir helfen Finanzteams dabei, von tabellengest\u00fctzten, fehleranf\u00e4lligen Konsolidierungen zu einem kontrollierten, wiederholbaren und revisionssicheren Abschlussprozess \u00fcberzugehen.<\/p>                                    <div class=\"wp-block-buttons is-content-justification-center is-layout-flex wp-block-buttons-is-layout-flex\">                      <div class=\"wp-block-button is-style-fill\">                       <a class=\"wp-block-button__link wp-element-button\" href=\"https:\/\/www.cloudmaven.com\/de-de\/digitale-loesungen\/enterprise-performance-management-epm\/unsere-expertise\/finanzielle-konsolidierung-abschluss\">Learn more<\/a>                     <\/div>                    <\/div>                                                <\/div>                        <\/div>                         <div class=\"teaserlist-teaser\">               <div class=\"wp-block-column is-layout-flow wp-block-column-is-layout-flow\">                                                                          <div class=\"teaser-icon-and-title wp-block-group is-nowrap is-layout-flex wp-container-core-group-is-layout-cd9ab148 wp-block-group-is-layout-flex\">                                             <a href=\"https:\/\/www.cloudmaven.com\/de-de\/digitale-loesungen\/enterprise-performance-management-epm\/unsere-expertise\/ergebnisorientiertes-management\" class=\"teaser-title\"><h3 class=\"wp-block-heading has-text-align-left\">Ergebnisorientiertes Management<\/h3><\/a>                     <\/div>                                                                           <p class=\"has-text-align-left\">Bei Cloudmaven entwerfen und implementieren wir RBM-L\u00f6sungen, die strategische Planung, Leistungsmessung und Berichterstattung in einem einzigen gesteuerten Rahmenwerk vereinen &#8211; aufbauend auf Oracle EPM.  Wir haben RBM-Rahmenwerke f\u00fcr mehrere UN-Organisationen implementiert und dabei logische Rahmenwerke, Indikatorenbibliotheken und integrierte \u00dcberwachungs- und Berichtsplattformen entworfen.<\/p>                                    <div class=\"wp-block-buttons is-content-justification-center is-layout-flex wp-block-buttons-is-layout-flex\">                      <div class=\"wp-block-button is-style-fill\">                       <a class=\"wp-block-button__link wp-element-button\" href=\"https:\/\/www.cloudmaven.com\/de-de\/digitale-loesungen\/enterprise-performance-management-epm\/unsere-expertise\/ergebnisorientiertes-management\">Learn more<\/a>                     <\/div>                    <\/div>                                                <\/div>                        <\/div> <\/div> <p><\/p>","protected":false},"excerpt":{"rendered":"<p>Entdecken Sie unsere EPM Expertise<\/p>\n","protected":false},"author":2,"featured_media":3664,"parent":3663,"menu_order":4,"comment_status":"closed","ping_status":"closed","template":"","meta":{"_acf_changed":false,"footnotes":""},"class_list":["post-5501","page","type-page","status-publish","has-post-thumbnail","hentry"],"acf":[],"_links":{"self":[{"href":"https:\/\/www.cloudmaven.com\/de-de\/wp-json\/wp\/v2\/pages\/5501","targetHints":{"allow":["GET"]}}],"collection":[{"href":"https:\/\/www.cloudmaven.com\/de-de\/wp-json\/wp\/v2\/pages"}],"about":[{"href":"https:\/\/www.cloudmaven.com\/de-de\/wp-json\/wp\/v2\/types\/page"}],"author":[{"embeddable":true,"href":"https:\/\/www.cloudmaven.com\/de-de\/wp-json\/wp\/v2\/users\/2"}],"replies":[{"embeddable":true,"href":"https:\/\/www.cloudmaven.com\/de-de\/wp-json\/wp\/v2\/comments?post=5501"}],"version-history":[{"count":3,"href":"https:\/\/www.cloudmaven.com\/de-de\/wp-json\/wp\/v2\/pages\/5501\/revisions"}],"predecessor-version":[{"id":5580,"href":"https:\/\/www.cloudmaven.com\/de-de\/wp-json\/wp\/v2\/pages\/5501\/revisions\/5580"}],"up":[{"embeddable":true,"href":"https:\/\/www.cloudmaven.com\/de-de\/wp-json\/wp\/v2\/pages\/3663"}],"wp:featuredmedia":[{"embeddable":true,"href":"https:\/\/www.cloudmaven.com\/de-de\/wp-json\/wp\/v2\/media\/3664"}],"wp:attachment":[{"href":"https:\/\/www.cloudmaven.com\/de-de\/wp-json\/wp\/v2\/media?parent=5501"}],"curies":[{"name":"wp","href":"https:\/\/api.w.org\/{rel}","templated":true}]}}