{"id":5473,"date":"2026-04-29T07:17:48","date_gmt":"2026-04-29T05:17:48","guid":{"rendered":"https:\/\/www.cloudmaven.com\/ausbildung"},"modified":"2026-05-04T10:42:54","modified_gmt":"2026-05-04T08:42:54","slug":"ausbildung","status":"publish","type":"page","link":"https:\/\/www.cloudmaven.com\/de-de\/digitale-loesungen\/enterprise-performance-management-epm\/dienstleistungen\/ausbildung","title":{"rendered":"Ausbildung"},"content":{"rendered":"<div class=\"wp-block-cover alignfull\"><img decoding=\"async\" class=\"wp-block-cover__image-background wp-image-955 size-full\" alt=\"\" src=\"https:\/\/www.cloudmaven.com\/wp-content\/uploads\/2026\/01\/header_background-06.svg\" data-object-fit=\"cover\"\/><span aria-hidden=\"true\" class=\"wp-block-cover__background has-background-dim\" style=\"background-color:#0e567f\"><\/span><div class=\"wp-block-cover__inner-container is-layout-constrained wp-block-cover-is-layout-constrained\"> <div class=\"wp-block-columns alignwide is-style-columns-reverse is-layout-flex wp-container-core-columns-is-layout-9c355430 wp-block-columns-is-layout-flex\"> <div class=\"wp-block-column is-vertically-aligned-center is-layout-flow wp-block-column-is-layout-flow\" style=\"flex-basis:60%\"> <h1 class=\"wp-block-heading\">Bef\u00e4higen Sie Ihre Teams mit EPM-Expertise<\/h1>    <p class=\"has-medium-font-size\">Praktische, rollenbasierte Schulungen, die Ihre Finanz- und IT-Teams zu sicheren Oracle EPM Cloud-Anwendern machen<\/p>    <div class=\"wp-block-buttons is-layout-flex wp-block-buttons-is-layout-flex\"> <div class=\"wp-block-button is-style-demo_button\"><a class=\"wp-block-button__link wp-element-button\" href=\"&lt;!--[CDATA[https:\/\/meetings-eu1.hubspot.com\/lars-kirschstein\/lars-kirschstein-?uuid=af2e0bbd-e91b-4493-933b-0bcfb32a194d]]--&gt;\">Demo buchen<\/a><\/div> <\/div> <\/div>    <div class=\"wp-block-column is-vertically-aligned-center is-layout-flow wp-block-column-is-layout-flow\"> <figure class=\"wp-block-image size-full\"><img decoding=\"async\" src=\"https:\/\/www.cloudmaven.com\/wp-content\/uploads\/2026\/04\/illustration_epm_services-2.svg\" alt=\"\" class=\"wp-image-5310\"\/><\/figure> <\/div> <\/div> <\/div><\/div>      <div id=\"breadcrumbs-block_dbd3af9f58a6a7434b64a6bda368be77\" class=\"breadcrumbs alignfull\">      <nav class=\"breadcrumbs-nav\">                 <a href=\"https:\/\/www.cloudmaven.com\/de-de\" class=\"home-link\">             <svg width=\"20\" height=\"16\" viewbox=\"0 0 20 16\" fill=\"none\" xmlns=\"http:\/\/www.w3.org\/2000\/svg\">                 <path d=\"M3.33334 15.5001V7.68761L1.83334 8.83344L0.833344 7.50011L10 0.500107L19.1667 7.50011L18.1667 8.81261L16.6667 7.68761V15.5001H3.33334ZM6.66668 10.5001C6.43057 10.5001 6.23265 10.4202 6.07293 10.2605C5.91321 10.1008 5.83334 9.90288 5.83334 9.66677C5.83334 9.43066 5.91321 9.23275 6.07293 9.07302C6.23265 8.9133 6.43057 8.83344 6.66668 8.83344C6.90279 8.83344 7.10071 8.9133 7.26043 9.07302C7.42015 9.23275 7.50001 9.43066 7.50001 9.66677C7.50001 9.90288 7.42015 10.1008 7.26043 10.2605C7.10071 10.4202 6.90279 10.5001 6.66668 10.5001ZM10 10.5001C9.7639 10.5001 9.56598 10.4202 9.40626 10.2605C9.24654 10.1008 9.16668 9.90288 9.16668 9.66677C9.16668 9.43066 9.24654 9.23275 9.40626 9.07302C9.56598 8.9133 9.7639 8.83344 10 8.83344C10.2361 8.83344 10.434 8.9133 10.5938 9.07302C10.7535 9.23275 10.8333 9.43066 10.8333 9.66677C10.8333 9.90288 10.7535 10.1008 10.5938 10.2605C10.434 10.4202 10.2361 10.5001 10 10.5001ZM13.3333 10.5001C13.0972 10.5001 12.8993 10.4202 12.7396 10.2605C12.5799 10.1008 12.5 9.90288 12.5 9.66677C12.5 9.43066 12.5799 9.23275 12.7396 9.07302C12.8993 8.9133 13.0972 8.83344 13.3333 8.83344C13.5695 8.83344 13.7674 8.9133 13.9271 9.07302C14.0868 9.23275 14.1667 9.43066 14.1667 9.66677C14.1667 9.90288 14.0868 10.1008 13.9271 10.2605C13.7674 10.4202 13.5695 10.5001 13.3333 10.5001Z\" fill=\"#939090\"\/>             <\/svg>         <\/a>             <\/nav> <\/div>   <div class=\"wp-block-columns alignwide is-layout-flex wp-container-core-columns-is-layout-9c355430 wp-block-columns-is-layout-flex\"> <div class=\"wp-block-column is-vertically-aligned-center is-layout-flow wp-block-column-is-layout-flow\"> <figure class=\"wp-block-image aligncenter size-full is-resized\"><img decoding=\"async\" src=\"https:\/\/www.cloudmaven.com\/wp-content\/uploads\/2026\/04\/cm_robot_epm-68.svg\" alt=\"\" class=\"wp-image-5316\" style=\"aspect-ratio:1.2578616352201257;width:465px;height:auto\"\/><\/figure> <\/div>    <div class=\"wp-block-column is-vertically-aligned-center is-layout-flow wp-block-column-is-layout-flow\" style=\"flex-basis:400px\"> <p>Technologie ist nur dann wertvoll, wenn die Menschen wissen, wie man sie benutzt. Das Cloudmaven-Training basiert auf realen Implementierungen und wird von Praktikern durchgef\u00fchrt &#8211; nicht von allgemeinen Lehrern. <\/p>    <p>Praktisch, rollenbasiert und auf Ihre EPM-Umgebung zugeschnitten. Wir konzipieren jedes Programm rund um Ihre tats\u00e4chlichen Anwendungen, Prozesse und Daten &#8211; damit das, was die Teilnehmer im Klassenzimmer lernen, am Montagmorgen funktioniert. <\/p> <\/div> <\/div>  <div class=\"wp-block-group alignfull has-light-blue-background-color has-background is-layout-constrained wp-block-group-is-layout-constrained\" style=\"padding-top:var(--wp--preset--spacing--three);padding-bottom:var(--wp--preset--spacing--three)\"> <div class=\"wp-block-columns alignwide is-layout-flex wp-container-core-columns-is-layout-e56ad5c0 wp-block-columns-is-layout-flex\"> <div class=\"wp-block-column is-layout-flow wp-block-column-is-layout-flow\" style=\"flex-basis:100%\"> <h2 class=\"wp-block-heading has-text-align-left is-style-default\">Vorteile von <br\/>Training<\/h2> <\/div>    <div class=\"wp-block-column has-x-small-font-size is-layout-flow wp-container-core-column-is-layout-c12b0cb1 wp-block-column-is-layout-flow\" style=\"flex-basis:100%\"> <div class=\"wp-block-columns is-not-stacked-on-mobile is-layout-flex wp-container-core-columns-is-layout-d937f815 wp-block-columns-is-layout-flex\"> <div class=\"wp-block-column is-vertically-aligned-top is-layout-flow wp-block-column-is-layout-flow\" style=\"flex-basis:84px\"> <div class=\"selected-icon-wrapper wp-elements-7a3b89e0d54681d06982a34d3de8704a wp-block-easy-symbols-icons-eics-symbols-icons has-text-color has-blue-color has-xxx-large-font-size\"> \t\t\t<span \t\t\tclass=\"eics-material-symbols-sharp-latin-300-normal__playlist_play eics-icon-span\" \t\t\t\t\t\t\tstyle=\"color: var(--wp--preset--color--blue);\" \t\t\t\t\t><\/span> \t<\/div><\/div>    <div class=\"wp-block-column is-vertically-aligned-top is-layout-flow wp-block-column-is-layout-flow\"> <p class=\"has-text-align-left\"><strong>Training Tracks<\/strong><\/p>    <p><strong>Grundlage:<\/strong> Strukturiertes Onboarding f\u00fcr Endbenutzer: Formulare, Workflows, Berichte und t\u00e4gliche Aufgaben.<br\/><strong>Power User:<\/strong> Praktische Workshops f\u00fcr Finance Champions zu Regeln, Dimensionen und Verwaltung.<br\/><strong>Administrator:<\/strong> Tiefgreifende technische Schulung f\u00fcr IT- und EPM-Administratoren zu Sicherheit, Integration und Governance.<\/p> <\/div> <\/div>    <div class=\"wp-block-columns is-not-stacked-on-mobile is-layout-flex wp-container-core-columns-is-layout-d937f815 wp-block-columns-is-layout-flex\"> <div class=\"wp-block-column is-vertically-aligned-top is-layout-flow wp-block-column-is-layout-flow\" style=\"flex-basis:84px\"> <div class=\"selected-icon-wrapper wp-elements-bc95369c0d77f09257cf5f18585237a0 wp-block-easy-symbols-icons-eics-symbols-icons has-text-color has-blue-color has-xxx-large-font-size\"> \t\t\t<span \t\t\tclass=\"eics-material-symbols-sharp-latin-300-normal__explosion eics-icon-span\" \t\t\t\t\t\t\tstyle=\"color: var(--wp--preset--color--blue);\" \t\t\t\t\t><\/span> \t<\/div><\/div>    <div class=\"wp-block-column is-vertically-aligned-top is-layout-flow wp-block-column-is-layout-flow\"> <p class=\"has-text-align-left\"><strong><strong><br\/><strong>Ausbildung Auswirkungen<\/strong><\/strong><\/strong><\/p>    <ul class=\"wp-block-list\"> <li><strong>90%<\/strong> Benutzerakzeptanz nach der Schulung<\/li>    <li><strong>3x<\/strong> schnelleres Onboarding von neuen Benutzern<\/li>    <li><strong>70%<\/strong> weniger Supportanfragen<\/li>    <li><strong>100%<\/strong> auf Ihre Umgebung zugeschnitten<br\/><\/li> <\/ul> <\/div> <\/div> <\/div>    <div class=\"wp-block-column has-x-small-font-size is-layout-flow wp-container-core-column-is-layout-c12b0cb1 wp-block-column-is-layout-flow\" style=\"flex-basis:100%\"> <div class=\"wp-block-columns is-not-stacked-on-mobile is-layout-flex wp-container-core-columns-is-layout-d937f815 wp-block-columns-is-layout-flex\"> <div class=\"wp-block-column is-vertically-aligned-top is-layout-flow wp-block-column-is-layout-flow\" style=\"flex-basis:84px\"> <div class=\"selected-icon-wrapper wp-elements-75b5de399a5b4f7107a03acd470b0fce wp-block-easy-symbols-icons-eics-symbols-icons has-text-color has-blue-color has-xxx-large-font-size\"> \t\t\t<span \t\t\tclass=\"eics-material-symbols-sharp-latin-300-normal__delivery_truck_speed eics-icon-span\" \t\t\t\t\t\t\tstyle=\"color: var(--wp--preset--color--blue);\" \t\t\t\t\t><\/span> \t<\/div><\/div>    <div class=\"wp-block-column is-vertically-aligned-top is-layout-flow wp-block-column-is-layout-flow\"> <p class=\"has-text-align-left\"><strong><strong><br\/><strong>Wie wir liefern<\/strong><\/strong><\/strong><\/p>    <ul class=\"wp-block-list\"> <li>Workshops im Klassenzimmer vor Ort<\/li>    <li>Virtuelle Live-Sitzungen unter Anleitung eines Lehrers<\/li>    <li>Ma\u00dfgeschneiderte \u00dcbungen zu Ihrer Anwendung<\/li>    <li>Individuelles Schulungsmaterial &amp; Spickzettel<\/li>    <li>Wissenstests &amp; Zertifizierungen<\/li> <\/ul> <\/div> <\/div> <\/div> <\/div>    <h3 class=\"wp-block-heading alignwide has-text-align-center is-style-uppercase\" style=\"margin-top:var(--wp--preset--spacing--four)\">Gro\u00dfartiges EPM wird von gro\u00dfartigen Menschen betrieben &#8211; wir sorgen daf\u00fcr, dass Ihre bereit sind.<\/h3> <\/div>  <div class=\"wp-block-group alignfull has-yellow-gradient-background has-background is-layout-constrained wp-block-group-is-layout-constrained\" style=\"padding-top:var(--wp--preset--spacing--two);padding-bottom:var(--wp--preset--spacing--two)\"> <div class=\"wp-block-columns alignwide is-layout-flex wp-container-core-columns-is-layout-bf3031c4 wp-block-columns-is-layout-flex\"> <div class=\"wp-block-column is-layout-flow wp-block-column-is-layout-flow\"> <div class=\"wp-block-columns is-style-image-and-cta is-layout-flex wp-container-core-columns-is-layout-6c03fc92 wp-block-columns-is-layout-flex\"> <div class=\"wp-block-column is-layout-flow wp-block-column-is-layout-flow\" style=\"flex-basis:220px\"> <figure class=\"wp-block-image aligncenter size-large is-resized has-custom-border\"><img loading=\"lazy\" decoding=\"async\" width=\"1024\" height=\"731\" src=\"https:\/\/www.cloudmaven.com\/wp-content\/uploads\/2026\/01\/Lars-scaled-1-1024x731.jpeg\" alt=\"\" class=\"wp-image-1668\" style=\"border-top-left-radius:22px;border-top-right-radius:22px;border-bottom-left-radius:22px;border-bottom-right-radius:22px;aspect-ratio:1;object-fit:cover;width:220px\" srcset=\"https:\/\/www.cloudmaven.com\/wp-content\/uploads\/2026\/01\/Lars-scaled-1-1024x731.jpeg 1024w, https:\/\/www.cloudmaven.com\/wp-content\/uploads\/2026\/01\/Lars-scaled-1-300x214.jpeg 300w, https:\/\/www.cloudmaven.com\/wp-content\/uploads\/2026\/01\/Lars-scaled-1-768x548.jpeg 768w, https:\/\/www.cloudmaven.com\/wp-content\/uploads\/2026\/01\/Lars-scaled-1-1536x1096.jpeg 1536w, https:\/\/www.cloudmaven.com\/wp-content\/uploads\/2026\/01\/Lars-scaled-1-2048x1461.jpeg 2048w\" sizes=\"auto, (max-width: 1024px) 100vw, 1024px\" \/><\/figure> <\/div>    <div class=\"wp-block-column is-vertically-aligned-center is-layout-flow wp-block-column-is-layout-flow\"> <h4 class=\"wp-block-heading has-text-align-left\">Lassen Sie sich unverbindlich von unseren Experten beraten<\/h4>    <div class=\"wp-block-buttons is-content-justification-left is-layout-flex wp-container-core-buttons-is-layout-fc4fd283 wp-block-buttons-is-layout-flex\"> <div class=\"wp-block-button is-style-demo_button\"><a class=\"wp-block-button__link wp-element-button\" href=\"https:\/\/meetings-eu1.hubspot.com\/lars-kirschstein\/lars-kirschstein-?uuid=af2e0bbd-e91b-4493-933b-0bcfb32a194d\">Expertenberatung<\/a><\/div> <\/div> <\/div> <\/div> <\/div>    <div class=\"wp-block-column is-layout-flow wp-block-column-is-layout-flow\"> <div class=\"wp-block-columns is-style-image-and-cta is-layout-flex wp-container-core-columns-is-layout-6c03fc92 wp-block-columns-is-layout-flex\"> <div class=\"wp-block-column is-layout-flow wp-block-column-is-layout-flow\" style=\"flex-basis:220px\"> <figure class=\"wp-block-image aligncenter size-full is-resized has-custom-border\"><img loading=\"lazy\" decoding=\"async\" width=\"1440\" height=\"1440\" src=\"https:\/\/www.cloudmaven.com\/wp-content\/uploads\/2026\/01\/screen_offer.png\" alt=\"\" class=\"wp-image-1550\" style=\"border-top-left-radius:22px;border-top-right-radius:22px;border-bottom-left-radius:22px;border-bottom-right-radius:22px;width:220px\" srcset=\"https:\/\/www.cloudmaven.com\/wp-content\/uploads\/2026\/01\/screen_offer.png 1440w, https:\/\/www.cloudmaven.com\/wp-content\/uploads\/2026\/01\/screen_offer-300x300.png 300w, https:\/\/www.cloudmaven.com\/wp-content\/uploads\/2026\/01\/screen_offer-1024x1024.png 1024w, https:\/\/www.cloudmaven.com\/wp-content\/uploads\/2026\/01\/screen_offer-150x150.png 150w, https:\/\/www.cloudmaven.com\/wp-content\/uploads\/2026\/01\/screen_offer-768x768.png 768w\" sizes=\"auto, (max-width: 1440px) 100vw, 1440px\" \/><\/figure> <\/div>    <div class=\"wp-block-column is-vertically-aligned-center is-layout-flow wp-block-column-is-layout-flow\"> <h4 class=\"wp-block-heading has-text-align-left\">Lassen Sie sich ein individuelles Angebot erstellen<\/h4>    <div class=\"wp-block-buttons is-content-justification-left is-layout-flex wp-container-core-buttons-is-layout-fc4fd283 wp-block-buttons-is-layout-flex\"> <div class=\"wp-block-button is-style-offer_button\"><a class=\"wp-block-button__link has-white-color has-secondary-dark-blue-background-color has-text-color has-background has-link-color wp-element-button\" href=\"https:\/\/www.cloudmaven.com\/de-de\/kontakt\">Angebot anfordern<\/a><\/div> <\/div> <\/div> <\/div> <\/div> <\/div> <\/div>  <h2 class=\"wp-block-heading alignwide has-text-align-center\">Entdecken Sie weitere EPM-Dienste<\/h2>    <div class=\"teaserlist teaser_style_icons alignwide wp-block-acf-teaserlist\">                             <div class=\"teaserlist-teaser\">               <div class=\"wp-block-column is-layout-flow wp-block-column-is-layout-flow\">                                                                          <div class=\"teaser-icon-and-title wp-block-group is-nowrap is-layout-flex wp-container-core-group-is-layout-cd9ab148 wp-block-group-is-layout-flex\">                                             <a href=\"https:\/\/www.cloudmaven.com\/de-de\/digitale-loesungen\/enterprise-performance-management-epm\/dienstleistungen\/verwaltete-dienste\" class=\"teaser-title\"><h3 class=\"wp-block-heading has-text-align-left\">Verwaltete Dienste<\/h3><\/a>                     <\/div>                                                                           <p class=\"has-text-align-left\">Cloudmaven Managed Services \u00fcbernimmt die Verantwortung f\u00fcr Ihren EPM-Betrieb von Anfang bis Ende und kombiniert proaktive Verwaltung, kontinuierliche Verbesserung und Roadmap-Planung in einem einzigen vorhersehbaren Engagement.  Wir betreiben es, damit Sie es nutzen k\u00f6nnen. Ganz gleich, ob Sie interne Kapazit\u00e4ten freisetzen, eine k\u00fcrzlich bereitgestellte Umgebung stabilisieren oder die kontinuierliche Verbesserung beschleunigen m\u00fcssen, wir f\u00fcgen uns nahtlos als Erweiterung Ihres Teams ein. <\/p>                                    <div class=\"wp-block-buttons is-content-justification-center is-layout-flex wp-block-buttons-is-layout-flex\">                      <div class=\"wp-block-button is-style-fill\">                       <a class=\"wp-block-button__link wp-element-button\" href=\"https:\/\/www.cloudmaven.com\/de-de\/digitale-loesungen\/enterprise-performance-management-epm\/dienstleistungen\/verwaltete-dienste\">Learn more<\/a>                     <\/div>                    <\/div>                                                <\/div>                        <\/div>                         <div class=\"teaserlist-teaser\">               <div class=\"wp-block-column is-layout-flow wp-block-column-is-layout-flow\">                                                                          <div class=\"teaser-icon-and-title wp-block-group is-nowrap is-layout-flex wp-container-core-group-is-layout-cd9ab148 wp-block-group-is-layout-flex\">                                             <a href=\"https:\/\/www.cloudmaven.com\/de-de\/digitale-loesungen\/enterprise-performance-management-epm\/dienstleistungen\/kundenbetreuung-24-7\" class=\"teaser-title\"><h3 class=\"wp-block-heading has-text-align-left\">Kundenbetreuung 24\/7<\/h3><\/a>                     <\/div>                                                                           <p class=\"has-text-align-left\">Finanzen h\u00f6ren nie auf &#8211; und wir auch nicht. Cloudmaven 24\/7-Support: Ein Team. In jeder Zeitzone. Jedes Problem.   <\/p>                                    <div class=\"wp-block-buttons is-content-justification-center is-layout-flex wp-block-buttons-is-layout-flex\">                      <div class=\"wp-block-button is-style-fill\">                       <a class=\"wp-block-button__link wp-element-button\" href=\"https:\/\/www.cloudmaven.com\/de-de\/digitale-loesungen\/enterprise-performance-management-epm\/dienstleistungen\/kundenbetreuung-24-7\">Learn more<\/a>                     <\/div>                    <\/div>                                                <\/div>                        <\/div>                         <div class=\"teaserlist-teaser\">               <div class=\"wp-block-column is-layout-flow wp-block-column-is-layout-flow\">                                                                          <div class=\"teaser-icon-and-title wp-block-group is-nowrap is-layout-flex wp-container-core-group-is-layout-cd9ab148 wp-block-group-is-layout-flex\">                                             <a href=\"https:\/\/www.cloudmaven.com\/de-de\/digitale-loesungen\/enterprise-performance-management-epm\/dienstleistungen\/implementierung-von-epm-loesungen\" class=\"teaser-title\"><h3 class=\"wp-block-heading has-text-align-left\">Implementierung von EPM-L\u00f6sungen<\/h3><\/a>                     <\/div>                                                                           <p class=\"has-text-align-left\">Bei Cloudmaven ist die EPM-Implementierung mehr als eine technische Einf\u00fchrung. Es ist eine strukturierte Reise, die Menschen, Prozesse und Technologie rund um das Office of the CFO zusammenbringt.   Wir liefern Ergebnisse, nicht nur Implementierungen. Unsere Berater kombinieren fundierte EPM-Expertise mit praktischer Erfahrung im Finanzwesen &#8211; so stellen wir sicher, dass jede Implementierung im Gesch\u00e4ftswert verankert und zur \u00dcbernahme bereit ist. <\/p>                                    <div class=\"wp-block-buttons is-content-justification-center is-layout-flex wp-block-buttons-is-layout-flex\">                      <div class=\"wp-block-button is-style-fill\">                       <a class=\"wp-block-button__link wp-element-button\" href=\"https:\/\/www.cloudmaven.com\/de-de\/digitale-loesungen\/enterprise-performance-management-epm\/dienstleistungen\/implementierung-von-epm-loesungen\">Learn more<\/a>                     <\/div>                    <\/div>                                                <\/div>                        <\/div>                         <div class=\"teaserlist-teaser\">               <div class=\"wp-block-column is-layout-flow wp-block-column-is-layout-flow\">                                                                          <div class=\"teaser-icon-and-title wp-block-group is-nowrap is-layout-flex wp-container-core-group-is-layout-cd9ab148 wp-block-group-is-layout-flex\">                                             <a href=\"https:\/\/www.cloudmaven.com\/de-de\/digitale-loesungen\/enterprise-performance-management-epm\/dienstleistungen\/unternehmensberatung-cfo-beratung\" class=\"teaser-title\"><h3 class=\"wp-block-heading has-text-align-left\">Unternehmensberatung &amp; CFO-Beratung<\/h3><\/a>                     <\/div>                                                                           <p class=\"has-text-align-left\">Bei Cloudmaven arbeiten wir eng mit dem Office of the CFO zusammen, um Finanzprozesse zu entwerfen und zu optimieren, die auf die Gesch\u00e4ftsstrategie, die operativen Faktoren und die Organisationsstruktur abgestimmt sind.  Wir gehen \u00fcber die technische Implementierung hinaus und bringen ein tiefes Verst\u00e4ndnis daf\u00fcr mit, wie das Finanzwesen in der Praxis funktioniert, von der Planung und Berichterstattung bis hin zu Kostenstrukturen, Zuweisungen und Leistungsmanagement.<\/p>                                    <div class=\"wp-block-buttons is-content-justification-center is-layout-flex wp-block-buttons-is-layout-flex\">                      <div class=\"wp-block-button is-style-fill\">                       <a class=\"wp-block-button__link wp-element-button\" href=\"https:\/\/www.cloudmaven.com\/de-de\/digitale-loesungen\/enterprise-performance-management-epm\/dienstleistungen\/unternehmensberatung-cfo-beratung\">Learn more<\/a>                     <\/div>                    <\/div>                                                <\/div>                        <\/div> <\/div>","protected":false},"excerpt":{"rendered":"<p>Technologie ist nur dann wertvoll, wenn die Menschen wissen, wie man sie benutzt. Cloudmaven Training basiert auf realen Implementierungen und wird von Praktikern durchgef\u00fchrt &#8211; nicht von allgemeinen Lehrern. <\/p>\n<p>Praktisch, rollenbasiert und auf Ihre EPM-Umgebung zugeschnitten. Wir konzipieren jedes Programm rund um Ihre tats\u00e4chlichen Anwendungen, Prozesse und Daten &#8211; damit das, was die Teilnehmer im Klassenzimmer lernen, am Montagmorgen funktioniert. <\/p>\n","protected":false},"author":2,"featured_media":0,"parent":5498,"menu_order":1,"comment_status":"closed","ping_status":"closed","template":"","meta":{"_acf_changed":false,"footnotes":""},"class_list":["post-5473","page","type-page","status-publish","hentry"],"acf":[],"_links":{"self":[{"href":"https:\/\/www.cloudmaven.com\/de-de\/wp-json\/wp\/v2\/pages\/5473","targetHints":{"allow":["GET"]}}],"collection":[{"href":"https:\/\/www.cloudmaven.com\/de-de\/wp-json\/wp\/v2\/pages"}],"about":[{"href":"https:\/\/www.cloudmaven.com\/de-de\/wp-json\/wp\/v2\/types\/page"}],"author":[{"embeddable":true,"href":"https:\/\/www.cloudmaven.com\/de-de\/wp-json\/wp\/v2\/users\/2"}],"replies":[{"embeddable":true,"href":"https:\/\/www.cloudmaven.com\/de-de\/wp-json\/wp\/v2\/comments?post=5473"}],"version-history":[{"count":1,"href":"https:\/\/www.cloudmaven.com\/de-de\/wp-json\/wp\/v2\/pages\/5473\/revisions"}],"predecessor-version":[{"id":5479,"href":"https:\/\/www.cloudmaven.com\/de-de\/wp-json\/wp\/v2\/pages\/5473\/revisions\/5479"}],"up":[{"embeddable":true,"href":"https:\/\/www.cloudmaven.com\/de-de\/wp-json\/wp\/v2\/pages\/5498"}],"wp:attachment":[{"href":"https:\/\/www.cloudmaven.com\/de-de\/wp-json\/wp\/v2\/media?parent=5473"}],"curies":[{"name":"wp","href":"https:\/\/api.w.org\/{rel}","templated":true}]}}