{"id":3621,"date":"2026-01-27T17:45:58","date_gmt":"2026-01-27T16:45:58","guid":{"rendered":"https:\/\/www.cloudmaven.com\/digitale-loesungen\/netsuite\/netsuite-module"},"modified":"2026-04-16T17:13:22","modified_gmt":"2026-04-16T15:13:22","slug":"netsuite-module","status":"publish","type":"page","link":"https:\/\/www.cloudmaven.com\/de-de\/digitale-loesungen\/netsuite\/netsuite-module","title":{"rendered":"NetSuite Module"},"content":{"rendered":"<div class=\"wp-block-cover alignfull\"><img decoding=\"async\" class=\"wp-block-cover__image-background wp-image-361 size-full\" alt=\"\" src=\"https:\/\/www.cloudmaven.com\/wp-content\/uploads\/2025\/12\/header_background-03.svg\" data-object-fit=\"cover\"\/><span aria-hidden=\"true\" class=\"wp-block-cover__background has-background-dim\" style=\"background-color:#10547c\"><\/span><div class=\"wp-block-cover__inner-container is-layout-constrained wp-block-cover-is-layout-constrained\"> <div class=\"wp-block-columns alignwide is-style-columns-reverse is-layout-flex wp-container-core-columns-is-layout-9c355430 wp-block-columns-is-layout-flex\"> <div class=\"wp-block-column is-vertically-aligned-center is-layout-flow wp-block-column-is-layout-flow\" style=\"flex-basis:60%\"> <h1 class=\"wp-block-heading\">Die wichtigsten NetSuite Module im \u00dcberblick<\/h1>    <p class=\"has-medium-font-size\">Ihre Gesch\u00e4ftsprozesse werden mit den Modulen von NetSuite ideal abgebildet. Die Plattform bietet eine breite Auswahl an Modulen. Cloudmaven als Ihr CFO-Advisor, hilft Ihnen die NetSuite Module optimal einzusetzen.  <\/p>    <div class=\"wp-block-buttons is-layout-flex wp-block-buttons-is-layout-flex\"> <div class=\"wp-block-button is-style-demo_button\"><a class=\"wp-block-button__link wp-element-button\" href=\"&lt;!--[CDATA[https:\/\/meetings-eu1.hubspot.com\/lars-kirschstein\/lars-kirschstein-?uuid=af2e0bbd-e91b-4493-933b-0bcfb32a194d]]--&gt;\">Demo buchen<\/a><\/div> <\/div> <\/div>    <div class=\"wp-block-column is-vertically-aligned-center is-layout-flow wp-block-column-is-layout-flow\"> <figure class=\"wp-block-image size-full\"><img decoding=\"async\" src=\"https:\/\/www.cloudmaven.com\/wp-content\/uploads\/2025\/12\/illustration_modules_netsuite.svg\" alt=\"\" class=\"wp-image-493\"\/><\/figure> <\/div> <\/div> <\/div><\/div>      <div id=\"breadcrumbs-block_efe5d7163a71e51afcabdc173dd8ea97\" class=\"breadcrumbs alignfull\">      <nav class=\"breadcrumbs-nav\">                 <a href=\"https:\/\/www.cloudmaven.com\/de-de\" class=\"home-link\">             <svg width=\"20\" height=\"16\" viewbox=\"0 0 20 16\" fill=\"none\" xmlns=\"http:\/\/www.w3.org\/2000\/svg\">                 <path d=\"M3.33334 15.5001V7.68761L1.83334 8.83344L0.833344 7.50011L10 0.500107L19.1667 7.50011L18.1667 8.81261L16.6667 7.68761V15.5001H3.33334ZM6.66668 10.5001C6.43057 10.5001 6.23265 10.4202 6.07293 10.2605C5.91321 10.1008 5.83334 9.90288 5.83334 9.66677C5.83334 9.43066 5.91321 9.23275 6.07293 9.07302C6.23265 8.9133 6.43057 8.83344 6.66668 8.83344C6.90279 8.83344 7.10071 8.9133 7.26043 9.07302C7.42015 9.23275 7.50001 9.43066 7.50001 9.66677C7.50001 9.90288 7.42015 10.1008 7.26043 10.2605C7.10071 10.4202 6.90279 10.5001 6.66668 10.5001ZM10 10.5001C9.7639 10.5001 9.56598 10.4202 9.40626 10.2605C9.24654 10.1008 9.16668 9.90288 9.16668 9.66677C9.16668 9.43066 9.24654 9.23275 9.40626 9.07302C9.56598 8.9133 9.7639 8.83344 10 8.83344C10.2361 8.83344 10.434 8.9133 10.5938 9.07302C10.7535 9.23275 10.8333 9.43066 10.8333 9.66677C10.8333 9.90288 10.7535 10.1008 10.5938 10.2605C10.434 10.4202 10.2361 10.5001 10 10.5001ZM13.3333 10.5001C13.0972 10.5001 12.8993 10.4202 12.7396 10.2605C12.5799 10.1008 12.5 9.90288 12.5 9.66677C12.5 9.43066 12.5799 9.23275 12.7396 9.07302C12.8993 8.9133 13.0972 8.83344 13.3333 8.83344C13.5695 8.83344 13.7674 8.9133 13.9271 9.07302C14.0868 9.23275 14.1667 9.43066 14.1667 9.66677C14.1667 9.90288 14.0868 10.1008 13.9271 10.2605C13.7674 10.4202 13.5695 10.5001 13.3333 10.5001Z\" fill=\"#939090\"\/>             <\/svg>         <\/a>             <\/nav> <\/div>   <div class=\"wp-block-group alignwide is-layout-constrained wp-block-group-is-layout-constrained\"> <h2 class=\"wp-block-heading alignwide\">Entdecken Sie die NetSuite Module<\/h2>    <div class=\"wp-block-group alignwide is-layout-grid wp-container-core-group-is-layout-bc321a13 wp-block-group-is-layout-grid\"> <div class=\"wp-block-group has-light-blue-background-color has-background is-vertical is-layout-flex wp-container-core-group-is-layout-b2fbc640 wp-block-group-is-layout-flex\" style=\"padding-top:var(--wp--preset--spacing--two);padding-right:var(--wp--preset--spacing--two);padding-bottom:var(--wp--preset--spacing--two);padding-left:var(--wp--preset--spacing--two)\"> <div class=\"wp-block-group is-nowrap is-layout-flex wp-container-core-group-is-layout-cd9ab148 wp-block-group-is-layout-flex\"> <div class=\"selected-icon-wrapper wp-elements-b6db4ee7639bc39f43491f39d8fae609 wp-block-easy-symbols-icons-eics-symbols-icons has-text-color has-blue-color has-xx-large-font-size\"> \t\t\t<span \t\t\tclass=\"eics-material-symbols-sharp-latin-300-normal__attach_money eics-icon-span\" \t\t\t\t\t\t\tstyle=\"color: var(--wp--preset--color--blue);\" \t\t\t\t\t><\/span> \t<\/div>   <h3 class=\"wp-block-heading\" style=\"font-size:clamp(1.25rem, 1.25rem + ((1vw - 0.2rem) * 1.364), 2rem);\">Finanzverwaltung<\/h3> <\/div>    <p>Das NetSuite Finanzmodul bildet das finanzielle R\u00fcckgrat der ERP-Software f\u00fcr Ihr Unternehmen. Es deckt alle zentralen Aufgaben ab, von der Buchhaltung und dem Berichtswesen bis hin zur Einhaltung internationaler regulatorischer Anforderungen.  <br\/>Die Finanzdaten sind in Echtzeit verf\u00fcgbar und schaffen volle Transparenz \u00fcber die wirtschaftliche Situation des Unternehmens. Auf diese Weise lassen sich Abschl\u00fcsse schneller erstellen, Risiken fr\u00fchzeitig erkennen und fundierte Entscheidungen sicher treffen.  <\/p>    <div class=\"wp-block-buttons is-layout-flex wp-block-buttons-is-layout-flex\"> <div class=\"wp-block-button is-style-fill\"><a class=\"wp-block-button__link wp-element-button\" href=\"https:\/\/www.cloudmaven.com\/de-de\/digitale-loesungen\/netsuite\/netsuite-module\/netsuite-finanzmanagement\">mehr erfahren<\/a><\/div> <\/div> <\/div>    <div class=\"wp-block-group has-light-blue-background-color has-background is-vertical is-layout-flex wp-container-core-group-is-layout-b2fbc640 wp-block-group-is-layout-flex\" style=\"padding-top:var(--wp--preset--spacing--two);padding-right:var(--wp--preset--spacing--two);padding-bottom:var(--wp--preset--spacing--two);padding-left:var(--wp--preset--spacing--two)\"> <div class=\"wp-block-group is-nowrap is-layout-flex wp-container-core-group-is-layout-cd9ab148 wp-block-group-is-layout-flex\"> <div class=\"selected-icon-wrapper wp-elements-424cb48a58fd33d140254008dc7b92d5 wp-block-easy-symbols-icons-eics-symbols-icons has-text-color has-blue-color has-xx-large-font-size\"> \t\t\t<span \t\t\tclass=\"eics-material-symbols-sharp-latin-300-normal__language eics-icon-span\" \t\t\t\t\t\t\tstyle=\"color: var(--wp--preset--color--blue);\" \t\t\t\t\t><\/span> \t<\/div>   <h3 class=\"wp-block-heading\" style=\"font-size:clamp(1.25rem, 1.25rem + ((1vw - 0.2rem) * 1.364), 2rem);\">Globales Business Management mit OneWorld<\/h3> <\/div>    <p>NetSuite bietet eine zentrale Plattform f\u00fcr die Verwaltung internationaler Unternehmensstrukturen. Unternehmen verwalten Standorte und Unternehmen \u00fcber L\u00e4ndergrenzen hinweg in einem System.  <br\/>Dazu geh\u00f6ren auch internationale Steuer-, W\u00e4hrungs- und regulatorische Anforderungen.  <br\/>Globale Prozesse sind standardisiert und lokale Besonderheiten k\u00f6nnen noch klar abgebildet werden. So behalten Unternehmen jederzeit die Kontrolle und den \u00dcberblick, auch in komplexen, internationalen Strukturen.  <\/p>    <div class=\"wp-block-buttons is-content-justification-center is-layout-flex wp-container-core-buttons-is-layout-a89b3969 wp-block-buttons-is-layout-flex\"> <div class=\"wp-block-button is-style-fill\"><a class=\"wp-block-button__link wp-element-button\" href=\"https:\/\/www.cloudmaven.com\/de-de\/digitale-loesungen\/netsuite\/netsuite-module\/netsuite-oneworld\">mehr erfahren<\/a><\/div> <\/div> <\/div>    <div class=\"wp-block-group has-light-blue-background-color has-background is-vertical is-layout-flex wp-container-core-group-is-layout-b2fbc640 wp-block-group-is-layout-flex\" style=\"padding-top:var(--wp--preset--spacing--two);padding-right:var(--wp--preset--spacing--two);padding-bottom:var(--wp--preset--spacing--two);padding-left:var(--wp--preset--spacing--two)\"> <div class=\"wp-block-group is-nowrap is-layout-flex wp-container-core-group-is-layout-cd9ab148 wp-block-group-is-layout-flex\"> <div class=\"selected-icon-wrapper wp-elements-39d96cc15b975cf329d1539e317e1ea4 wp-block-easy-symbols-icons-eics-symbols-icons has-text-color has-blue-color has-xx-large-font-size\"> \t\t\t<span \t\t\tclass=\"eics-material-symbols-sharp-latin-300-normal__eye_tracking eics-icon-span\" \t\t\t\t\t\t\tstyle=\"color: var(--wp--preset--color--blue);\" \t\t\t\t\t><\/span> \t<\/div>   <h3 class=\"wp-block-heading\" style=\"font-size:clamp(1.25rem, 1.25rem + ((1vw - 0.2rem) * 1.364), 2rem);\">Abonnementverwaltung mit SuiteBilling<\/h3> <\/div>    <p>Mit NetSuite k\u00f6nnen Sie wiederkehrende Rechnungen und Einnahmen effizient und transparent verwalten. Abonnements, Rechnungsstellung und Umsatzrealisierung werden automatisch und in \u00dcbereinstimmung mit den Vorschriften abgebildet. So behalten Sie jederzeit den \u00dcberblick \u00fcber Vertragsbedingungen, Ums\u00e4tze und finanzielle Verpflichtungen.    <\/p>    <div class=\"wp-block-buttons is-content-justification-center is-layout-flex wp-container-core-buttons-is-layout-a89b3969 wp-block-buttons-is-layout-flex\"> <div class=\"wp-block-button is-style-fill\"><a class=\"wp-block-button__link wp-element-button\" href=\"https:\/\/www.cloudmaven.com\/de-de\/digitale-loesungen\/netsuite\/netsuite-module\/netsuite-suitebilling\">mehr erfahren<\/a><\/div> <\/div> <\/div>    <div class=\"wp-block-group has-light-blue-background-color has-background is-vertical is-layout-flex wp-container-core-group-is-layout-b2fbc640 wp-block-group-is-layout-flex\" style=\"padding-top:var(--wp--preset--spacing--two);padding-right:var(--wp--preset--spacing--two);padding-bottom:var(--wp--preset--spacing--two);padding-left:var(--wp--preset--spacing--two)\"> <div class=\"wp-block-group is-nowrap is-layout-flex wp-container-core-group-is-layout-cd9ab148 wp-block-group-is-layout-flex\"> <div class=\"selected-icon-wrapper wp-elements-7216cebd6b18dc4a08a5057eadf8a3c1 wp-block-easy-symbols-icons-eics-symbols-icons has-text-color has-blue-color has-xx-large-font-size\"> \t\t\t<span \t\t\tclass=\"eics-material-symbols-sharp-latin-300-normal__person_pin eics-icon-span\" \t\t\t\t\t\t\tstyle=\"color: var(--wp--preset--color--blue);\" \t\t\t\t\t><\/span> \t<\/div>   <h3 class=\"wp-block-heading\" style=\"font-size:clamp(1.25rem, 1.25rem + ((1vw - 0.2rem) * 1.364), 2rem);\">Human Capital Management mit NetSuite SuitePeople<\/h3> <\/div>    <p>NetSuite SuitePeople vereinheitlicht HR-, Gehaltsabrechnungs- und Personaldaten in NetSuite und bietet Transparenz in Echtzeit und genaue Berichte. Es reduziert manuelle Prozesse, verbessert die Effizienz und erm\u00f6glicht eine bessere Entscheidungsfindung. Mit Cloudmaven erhalten Sie eine skalierbare, vollst\u00e4ndig integrierte L\u00f6sung, die auf Ihr Unternehmen zugeschnitten ist.  <\/p>    <div class=\"wp-block-buttons is-content-justification-center is-layout-flex wp-container-core-buttons-is-layout-a89b3969 wp-block-buttons-is-layout-flex\"> <div class=\"wp-block-button is-style-fill\"><a class=\"wp-block-button__link wp-element-button\" href=\"https:\/\/www.cloudmaven.com\/de-de\/digitale-loesungen\/netsuite\/netsuite-module\/netsuite-human-capital-management\">mehr erfahren<\/a><\/div> <\/div> <\/div>    <div class=\"wp-block-group has-light-blue-background-color has-background is-vertical is-layout-flex wp-container-core-group-is-layout-b2fbc640 wp-block-group-is-layout-flex\" style=\"padding-top:var(--wp--preset--spacing--two);padding-right:var(--wp--preset--spacing--two);padding-bottom:var(--wp--preset--spacing--two);padding-left:var(--wp--preset--spacing--two)\"> <div class=\"wp-block-group is-nowrap is-layout-flex wp-container-core-group-is-layout-cd9ab148 wp-block-group-is-layout-flex\"> <div class=\"selected-icon-wrapper wp-elements-86246f50057a57d10bacdb2495108e12 wp-block-easy-symbols-icons-eics-symbols-icons has-text-color has-blue-color has-xx-large-font-size\"> \t\t\t<span \t\t\tclass=\"eics-material-symbols-sharp-latin-300-normal__inventory_2 eics-icon-span\" \t\t\t\t\t\t\tstyle=\"color: var(--wp--preset--color--blue);\" \t\t\t\t\t><\/span> \t<\/div>   <h3 class=\"wp-block-heading\" style=\"font-size:clamp(1.25rem, 1.25rem + ((1vw - 0.2rem) * 1.364), 2rem);\">NetSuite Inventory Management<\/h3> <\/div>    <p>NetSuite Inventory Management bietet Echtzeittransparenz \u00fcber alle Standorte hinweg und hilft Unternehmen, die richtigen Lagerbest\u00e4nde zu halten und gleichzeitig das Betriebskapital zu optimieren. Bedarfsgesteuerter Nachschub, automatisierte Workflows und intelligente Erf\u00fcllung reduzieren Fehlbest\u00e4nde, \u00fcbersch\u00fcssige Best\u00e4nde und betriebliche Ineffizienzen. <\/p>    <div class=\"wp-block-buttons is-content-justification-center is-layout-flex wp-container-core-buttons-is-layout-a89b3969 wp-block-buttons-is-layout-flex\"> <div class=\"wp-block-button is-style-fill\"><a class=\"wp-block-button__link wp-element-button\" href=\"https:\/\/www.cloudmaven.com\/de-de\/digitale-loesungen\/netsuite\/netsuite-module\/netsuite-inventory-management\">mehr erfahren<\/a><\/div> <\/div> <\/div>    <div class=\"wp-block-group has-light-blue-background-color has-background is-vertical is-layout-flex wp-container-core-group-is-layout-b2fbc640 wp-block-group-is-layout-flex\" style=\"padding-top:var(--wp--preset--spacing--two);padding-right:var(--wp--preset--spacing--two);padding-bottom:var(--wp--preset--spacing--two);padding-left:var(--wp--preset--spacing--two)\"> <div class=\"wp-block-group is-nowrap is-layout-flex wp-container-core-group-is-layout-cd9ab148 wp-block-group-is-layout-flex\"> <div class=\"selected-icon-wrapper wp-elements-979f0f55ee9bbcc966558ce472be68eb wp-block-easy-symbols-icons-eics-symbols-icons has-text-color has-blue-color has-xx-large-font-size\"> \t\t\t<span \t\t\tclass=\"eics-material-symbols-sharp-latin-300-normal__tv_signin eics-icon-span\" \t\t\t\t\t\t\tstyle=\"color: var(--wp--preset--color--blue);\" \t\t\t\t\t><\/span> \t<\/div>   <h3 class=\"wp-block-heading\" style=\"font-size:clamp(1.25rem, 1.25rem + ((1vw - 0.2rem) * 1.364), 2rem);\">NetSuite Customer Relationship Management (CRM) <\/h3> <\/div>    <p>NetSuite CRM vereint Kundenmanagement, Vertrieb, Finanzen und Betriebsabl\u00e4ufe in einem einzigen System, macht Integrationen \u00fcberfl\u00fcssig und bietet eine vollst\u00e4ndige Kundenansicht in Echtzeit. Es verbindet alle wichtigen Prozesse und sorgt f\u00fcr genaue Daten, nahtlose Zusammenarbeit und automatisierte Workflows in allen Teams.   <\/p>    <div class=\"wp-block-buttons is-content-justification-center is-layout-flex wp-container-core-buttons-is-layout-a89b3969 wp-block-buttons-is-layout-flex\"> <div class=\"wp-block-button is-style-fill\"><a class=\"wp-block-button__link wp-element-button\" href=\"https:\/\/www.cloudmaven.com\/de-de\/digitale-loesungen\/netsuite\/netsuite-module\/netsuite-customer-relationship-management-crm\">mehr erfahren<\/a><\/div> <\/div> <\/div>    <div class=\"wp-block-group has-light-blue-background-color has-background is-vertical is-layout-flex wp-container-core-group-is-layout-b2fbc640 wp-block-group-is-layout-flex\" style=\"padding-top:var(--wp--preset--spacing--two);padding-right:var(--wp--preset--spacing--two);padding-bottom:var(--wp--preset--spacing--two);padding-left:var(--wp--preset--spacing--two)\"> <div class=\"wp-block-group is-nowrap is-layout-flex wp-container-core-group-is-layout-cd9ab148 wp-block-group-is-layout-flex\"> <div class=\"selected-icon-wrapper wp-elements-2fc792383970a5355332e95a9b7470cc wp-block-easy-symbols-icons-eics-symbols-icons has-text-color has-blue-color has-xx-large-font-size\"> \t\t\t<span \t\t\tclass=\"eics-material-symbols-sharp-latin-300-normal__warehouse eics-icon-span\" \t\t\t\t\t\t\tstyle=\"color: var(--wp--preset--color--blue);\" \t\t\t\t\t><\/span> \t<\/div>   <h3 class=\"wp-block-heading\" style=\"font-size:clamp(1.25rem, 1.25rem + ((1vw - 0.2rem) * 1.364), 2rem);\">NetSuite Lagerverwaltung (WMS)<\/h3> <\/div>    <p>NetSuite WMS optimiert die Lagerprozesse und erh\u00f6ht die Bestandsgenauigkeit. Wareneingang, Kommissionierung und Versand werden automatisiert und effizient gesteuert. Das Ergebnis sind schnellere Prozesse, geringere Fehlerquoten und eine bessere Auslastung der Lagerressourcen.    <\/p>    <div class=\"wp-block-buttons is-content-justification-center is-layout-flex wp-container-core-buttons-is-layout-a89b3969 wp-block-buttons-is-layout-flex\"> <div class=\"wp-block-button is-style-fill\"><a class=\"wp-block-button__link wp-element-button\" href=\"https:\/\/www.cloudmaven.com\/de-de\/digitale-loesungen\/netsuite\/netsuite-module\/lagerverwaltung-mit-netsuite-wms\">mehr erfahren<\/a><\/div> <\/div> <\/div>    <div class=\"wp-block-group has-light-blue-background-color has-background is-vertical is-layout-flex wp-container-core-group-is-layout-b2fbc640 wp-block-group-is-layout-flex\" style=\"padding-top:var(--wp--preset--spacing--two);padding-right:var(--wp--preset--spacing--two);padding-bottom:var(--wp--preset--spacing--two);padding-left:var(--wp--preset--spacing--two)\"> <div class=\"wp-block-group is-nowrap is-layout-flex wp-container-core-group-is-layout-cd9ab148 wp-block-group-is-layout-flex\"> <div class=\"selected-icon-wrapper wp-elements-237bc6f11e16816db8eea91cb873ea43 wp-block-easy-symbols-icons-eics-symbols-icons has-text-color has-blue-color has-xx-large-font-size\"> \t\t\t<span \t\t\tclass=\"eics-material-symbols-sharp-latin-300-normal__autorenew eics-icon-span\" \t\t\t\t\t\t\tstyle=\"color: var(--wp--preset--color--blue);\" \t\t\t\t\t><\/span> \t<\/div>   <h3 class=\"wp-block-heading\" style=\"font-size:clamp(1.25rem, 1.25rem + ((1vw - 0.2rem) * 1.364), 2rem);\">NetSuite SuiteProjekte<\/h3> <\/div>    <p>Mit <strong>NetSuite SuiteProjects<\/strong> verwalten Unternehmen ihr gesamtes Dienstleistungsgesch\u00e4ft in einer integrierten Plattform, von der Identifizierung neuer Projekte \u00fcber die Planung und Umsetzung bis hin zur Rechnungsstellung und Umsatzrealisierung.<\/p>    <div class=\"wp-block-buttons is-content-justification-center is-layout-flex wp-container-core-buttons-is-layout-a89b3969 wp-block-buttons-is-layout-flex\"> <div class=\"wp-block-button is-style-fill\"><a class=\"wp-block-button__link wp-element-button\" href=\"https:\/\/www.cloudmaven.com\/?page_id=4264\">mehr erfahren<\/a><\/div> <\/div> <\/div>      <div class=\"wp-block-group has-light-blue-background-color has-background is-vertical is-layout-flex wp-container-core-group-is-layout-b2fbc640 wp-block-group-is-layout-flex\" style=\"padding-top:var(--wp--preset--spacing--two);padding-right:var(--wp--preset--spacing--two);padding-bottom:var(--wp--preset--spacing--two);padding-left:var(--wp--preset--spacing--two)\"> <div class=\"wp-block-group is-nowrap is-layout-flex wp-container-core-group-is-layout-cd9ab148 wp-block-group-is-layout-flex\"> <div class=\"selected-icon-wrapper wp-elements-feddb5c0579f3255d299860c2e30dc49 wp-block-easy-symbols-icons-eics-symbols-icons has-text-color has-blue-color has-xx-large-font-size\"> \t\t\t<span \t\t\tclass=\"eics-material-symbols-sharp-latin-300-normal__shopping_bag eics-icon-span\" \t\t\t\t\t\t\tstyle=\"color: var(--wp--preset--color--blue);\" \t\t\t\t\t><\/span> \t<\/div>   <h3 class=\"wp-block-heading\" style=\"font-size:clamp(1.25rem, 1.25rem + ((1vw - 0.2rem) * 1.364), 2rem);\">NetSuite Suite Beschaffung<\/h3> <\/div>    <p>NetSuite Procurement Management strukturiert und automatisiert den gesamten Beschaffungsprozess, von der Bedarfsermittlung bis hin zu Genehmigungen und Bestellungen. Zentrale Kontrolle, klare Genehmigungsprozesse und vollst\u00e4ndige Ausgabentransparenz erm\u00f6glichen eine bessere Kostenkontrolle und senken die Betriebsausgaben.   <\/p>    <div class=\"wp-block-buttons is-content-justification-center is-layout-flex wp-container-core-buttons-is-layout-a89b3969 wp-block-buttons-is-layout-flex\"> <div class=\"wp-block-button is-style-fill\"><a class=\"wp-block-button__link wp-element-button\" href=\"https:\/\/www.cloudmaven.com\/de-de\/digitale-loesungen\/netsuite\/netsuite-module\/netsuite-procurement-management\">mehr erfahren<\/a><\/div> <\/div> <\/div>    <div class=\"wp-block-group has-light-blue-background-color has-background is-vertical is-layout-flex wp-container-core-group-is-layout-b2fbc640 wp-block-group-is-layout-flex\" style=\"padding-top:var(--wp--preset--spacing--two);padding-right:var(--wp--preset--spacing--two);padding-bottom:var(--wp--preset--spacing--two);padding-left:var(--wp--preset--spacing--two)\"> <div class=\"wp-block-group is-nowrap is-layout-flex wp-container-core-group-is-layout-cd9ab148 wp-block-group-is-layout-flex\"> <div class=\"selected-icon-wrapper wp-elements-011484321ee6de723cf4ce67e0ef3d88 wp-block-easy-symbols-icons-eics-symbols-icons has-text-color has-blue-color has-xx-large-font-size\"> \t\t\t<span \t\t\tclass=\"eics-material-symbols-sharp-latin-300-normal__money_bag eics-icon-span\" \t\t\t\t\t\t\tstyle=\"color: var(--wp--preset--color--blue);\" \t\t\t\t\t><\/span> \t<\/div>   <h3 class=\"wp-block-heading\" style=\"font-size:clamp(1.25rem, 1.25rem + ((1vw - 0.2rem) * 1.364), 2rem);\">Erl\u00f6srealisierung<\/h3> <\/div>    <p>NetSuite Revenue Recognition automatisiert die konforme Umsatzplanung, -zuweisung und -berichterstattung gem\u00e4\u00df Standards wie ASC 606 und IFRS 15. Es reduziert den manuellen Aufwand, verbessert die Revisionssicherheit und bietet Echtzeittransparenz f\u00fcr schnellere und zuverl\u00e4ssigere Finanzentscheidungen. <\/p>    <div class=\"wp-block-buttons is-content-justification-center is-layout-flex wp-container-core-buttons-is-layout-a89b3969 wp-block-buttons-is-layout-flex\"> <div class=\"wp-block-button is-style-fill\"><a class=\"wp-block-button__link wp-element-button\" href=\"https:\/\/www.cloudmaven.com\/de-de\/digitale-loesungen\/netsuite\/netsuite-module\/netsuite-umsatzrealisierung\">mehr erfahren<\/a><\/div> <\/div> <\/div>     <\/div> <\/div>","protected":false},"excerpt":{"rendered":"","protected":false},"author":1,"featured_media":0,"parent":3610,"menu_order":0,"comment_status":"closed","ping_status":"closed","template":"","meta":{"_acf_changed":false,"footnotes":""},"class_list":["post-3621","page","type-page","status-publish","hentry"],"acf":[],"_links":{"self":[{"href":"https:\/\/www.cloudmaven.com\/de-de\/wp-json\/wp\/v2\/pages\/3621","targetHints":{"allow":["GET"]}}],"collection":[{"href":"https:\/\/www.cloudmaven.com\/de-de\/wp-json\/wp\/v2\/pages"}],"about":[{"href":"https:\/\/www.cloudmaven.com\/de-de\/wp-json\/wp\/v2\/types\/page"}],"author":[{"embeddable":true,"href":"https:\/\/www.cloudmaven.com\/de-de\/wp-json\/wp\/v2\/users\/1"}],"replies":[{"embeddable":true,"href":"https:\/\/www.cloudmaven.com\/de-de\/wp-json\/wp\/v2\/comments?post=3621"}],"version-history":[{"count":4,"href":"https:\/\/www.cloudmaven.com\/de-de\/wp-json\/wp\/v2\/pages\/3621\/revisions"}],"predecessor-version":[{"id":4856,"href":"https:\/\/www.cloudmaven.com\/de-de\/wp-json\/wp\/v2\/pages\/3621\/revisions\/4856"}],"up":[{"embeddable":true,"href":"https:\/\/www.cloudmaven.com\/de-de\/wp-json\/wp\/v2\/pages\/3610"}],"wp:attachment":[{"href":"https:\/\/www.cloudmaven.com\/de-de\/wp-json\/wp\/v2\/media?parent=3621"}],"curies":[{"name":"wp","href":"https:\/\/api.w.org\/{rel}","templated":true}]}}