{"id":3566,"date":"2026-01-27T16:11:08","date_gmt":"2026-01-27T15:11:08","guid":{"rendered":"https:\/\/www.cloudmaven.com\/integrationen-middleware"},"modified":"2026-04-20T14:44:11","modified_gmt":"2026-04-20T12:44:11","slug":"integrationen-middleware","status":"publish","type":"page","link":"https:\/\/www.cloudmaven.com\/de-de\/integrationen-middleware","title":{"rendered":"Integrationen &amp; Middleware"},"content":{"rendered":"<div class=\"wp-block-cover alignfull\"><img decoding=\"async\" class=\"wp-block-cover__image-background wp-image-125 size-full\" alt=\"\" src=\"https:\/\/www.cloudmaven.com\/wp-content\/uploads\/2025\/12\/header_background-01.svg\" data-object-fit=\"cover\"\/><span aria-hidden=\"true\" class=\"wp-block-cover__background has-background-dim\" style=\"background-color:#10537b\"><\/span><div class=\"wp-block-cover__inner-container is-layout-constrained wp-block-cover-is-layout-constrained\"> <div class=\"wp-block-columns alignwide is-layout-flex wp-container-core-columns-is-layout-e56ad5c0 wp-block-columns-is-layout-flex\"> <div class=\"wp-block-column is-vertically-aligned-center is-layout-flow wp-block-column-is-layout-flow\" style=\"flex-basis:60%\"> <figure class=\"wp-block-image size-large\"><img loading=\"lazy\" decoding=\"async\" width=\"1024\" height=\"683\" src=\"https:\/\/www.cloudmaven.com\/wp-content\/uploads\/2026\/01\/header_software_integrations-1-1024x683.png\" alt=\"\" class=\"wp-image-2111\" srcset=\"https:\/\/www.cloudmaven.com\/wp-content\/uploads\/2026\/01\/header_software_integrations-1-1024x683.png 1024w, https:\/\/www.cloudmaven.com\/wp-content\/uploads\/2026\/01\/header_software_integrations-1-300x200.png 300w, https:\/\/www.cloudmaven.com\/wp-content\/uploads\/2026\/01\/header_software_integrations-1-768x512.png 768w, https:\/\/www.cloudmaven.com\/wp-content\/uploads\/2026\/01\/header_software_integrations-1.png 1500w\" sizes=\"auto, (max-width: 1024px) 100vw, 1024px\" \/><\/figure> <\/div>    <div class=\"wp-block-column is-vertically-aligned-center is-layout-flow wp-block-column-is-layout-flow\"> <h1 class=\"wp-block-heading\">Integrationen, die Systeme verbinden<\/h1>    <p class=\"has-medium-font-size\">Cloudmaven sorgt f\u00fcr einen reibungslosen Datenaustausch zwischen Ihren f\u00fchrenden Systemen. So entstehen durchg\u00e4ngige Prozesse, weniger manuelle Aufw\u00e4nde und eine zentrale, verl\u00e4ssliche Datenbasis.  <\/p>    <div class=\"wp-block-buttons is-layout-flex wp-block-buttons-is-layout-flex\"> <div class=\"wp-block-button is-style-demo_button\"><a class=\"wp-block-button__link wp-element-button\" href=\"https:\/\/meetings-eu1.hubspot.com\/lars-kirschstein\/lars-kirschstein-?uuid=af2e0bbd-e91b-4493-933b-0bcfb32a194d\" target=\"_blank\" rel=\"noreferrer noopener\">Demo buchen<\/a><\/div> <\/div> <\/div> <\/div> <\/div><\/div>      <div id=\"breadcrumbs-block_4a689ee245ddba5f38ed7f19592e2562\" class=\"breadcrumbs alignfull\">      <nav class=\"breadcrumbs-nav\">                 <a href=\"https:\/\/www.cloudmaven.com\/de-de\" class=\"home-link\">             <svg width=\"20\" height=\"16\" viewbox=\"0 0 20 16\" fill=\"none\" xmlns=\"http:\/\/www.w3.org\/2000\/svg\">                 <path d=\"M3.33334 15.5001V7.68761L1.83334 8.83344L0.833344 7.50011L10 0.500107L19.1667 7.50011L18.1667 8.81261L16.6667 7.68761V15.5001H3.33334ZM6.66668 10.5001C6.43057 10.5001 6.23265 10.4202 6.07293 10.2605C5.91321 10.1008 5.83334 9.90288 5.83334 9.66677C5.83334 9.43066 5.91321 9.23275 6.07293 9.07302C6.23265 8.9133 6.43057 8.83344 6.66668 8.83344C6.90279 8.83344 7.10071 8.9133 7.26043 9.07302C7.42015 9.23275 7.50001 9.43066 7.50001 9.66677C7.50001 9.90288 7.42015 10.1008 7.26043 10.2605C7.10071 10.4202 6.90279 10.5001 6.66668 10.5001ZM10 10.5001C9.7639 10.5001 9.56598 10.4202 9.40626 10.2605C9.24654 10.1008 9.16668 9.90288 9.16668 9.66677C9.16668 9.43066 9.24654 9.23275 9.40626 9.07302C9.56598 8.9133 9.7639 8.83344 10 8.83344C10.2361 8.83344 10.434 8.9133 10.5938 9.07302C10.7535 9.23275 10.8333 9.43066 10.8333 9.66677C10.8333 9.90288 10.7535 10.1008 10.5938 10.2605C10.434 10.4202 10.2361 10.5001 10 10.5001ZM13.3333 10.5001C13.0972 10.5001 12.8993 10.4202 12.7396 10.2605C12.5799 10.1008 12.5 9.90288 12.5 9.66677C12.5 9.43066 12.5799 9.23275 12.7396 9.07302C12.8993 8.9133 13.0972 8.83344 13.3333 8.83344C13.5695 8.83344 13.7674 8.9133 13.9271 9.07302C14.0868 9.23275 14.1667 9.43066 14.1667 9.66677C14.1667 9.90288 14.0868 10.1008 13.9271 10.2605C13.7674 10.4202 13.5695 10.5001 13.3333 10.5001Z\" fill=\"#939090\"\/>             <\/svg>         <\/a>             <\/nav> <\/div>   <h2 class=\"wp-block-heading has-text-align-center is-style-uppercase\" style=\"margin-bottom:var(--wp--preset--spacing--six)\">Integrationen<\/h2>  <div class=\"wp-block-columns are-vertically-aligned-center is-layout-flex wp-container-core-columns-is-layout-9c355430 wp-block-columns-is-layout-flex\"> <div class=\"wp-block-column is-vertically-aligned-center is-layout-flow wp-block-column-is-layout-flow\"> <h2 class=\"wp-block-heading\">NetSuite &gt; Perk Integration<\/h2>    <p>Die NetSuite &gt; Perk Integration verbindet Ihr ERP nahtlos mit dem Reisekosten- und Spesenmanagement. Belege, Abrechnungen und Buchungen werden automatisiert synchronisiert. Sie profitieren von effizienten Prozessen, transparenter Kostenkontrolle und einer durchg\u00e4ngigen Finanzsteuerung.  <\/p>    <div class=\"wp-block-buttons is-layout-flex wp-block-buttons-is-layout-flex\"> <div class=\"wp-block-button\"><a class=\"wp-block-button__link wp-element-button\" href=\"https:\/\/www.cloudmaven.com\/de-de\/integrationen-middleware\/netsuite-perk-integration\">mehr erfahren<\/a><\/div> <\/div> <\/div>    <div class=\"wp-block-column is-vertically-aligned-center is-layout-flow wp-block-column-is-layout-flow\"> <figure class=\"wp-block-image size-full\"><a href=\"https:\/\/www.cloudmaven.com\/de-de\/integrationen-middleware\/netsuite-perk-integration\"><img decoding=\"async\" src=\"https:\/\/www.cloudmaven.com\/wp-content\/uploads\/2026\/01\/light_background_with_logo_narrow-10.svg\" alt=\"\" class=\"wp-image-2042\" style=\"aspect-ratio:4\/3;object-fit:cover\"\/><\/a><\/figure> <\/div> <\/div>  <div class=\"wp-block-group alignfull has-light-blue-background-color has-background is-layout-constrained wp-block-group-is-layout-constrained\"> <div class=\"wp-block-columns are-vertically-aligned-center is-layout-flex wp-container-core-columns-is-layout-9c355430 wp-block-columns-is-layout-flex\"> <div class=\"wp-block-column is-vertically-aligned-center is-layout-flow wp-block-column-is-layout-flow\"> <figure class=\"wp-block-image size-full\"><a href=\"https:\/\/www.cloudmaven.com\/de-de\/integrationen-middleware\/personio-netsuite-integration\"><img decoding=\"async\" src=\"https:\/\/www.cloudmaven.com\/wp-content\/uploads\/2026\/01\/backgrounds_integration-10.svg\" alt=\"\" class=\"wp-image-3370\" style=\"aspect-ratio:4\/3;object-fit:cover\"\/><\/a><\/figure> <\/div>    <div class=\"wp-block-column is-vertically-aligned-center is-layout-flow wp-block-column-is-layout-flow\"> <h2 class=\"wp-block-heading\">Personio &gt; NetSuite Integration<\/h2>    <p>Die Personio &gt; NetSuite Integration verbindet Ihr HR-System nahtlos mit dem ERP. Mitarbeiterstammdaten, Organisationsstrukturen und relevante HR-Informationen werden automatisiert synchronisiert. Sie erhalten konsistente Daten, weniger manuellen Aufwand und effiziente Prozesse zwischen HR und Finance.  <\/p>    <div class=\"wp-block-buttons is-layout-flex wp-block-buttons-is-layout-flex\"> <div class=\"wp-block-button\"><a class=\"wp-block-button__link wp-element-button\" href=\"https:\/\/www.cloudmaven.com\/de-de\/integrationen-middleware\/personio-netsuite-integration\">mehr erfahren<\/a><\/div> <\/div> <\/div> <\/div> <\/div>  <h2 class=\"wp-block-heading has-text-align-center is-style-uppercase\" style=\"margin-bottom:var(--wp--preset--spacing--six)\">Middleware<\/h2>  <div class=\"wp-block-group alignfull is-layout-constrained wp-block-group-is-layout-constrained\"> <div class=\"wp-block-columns are-vertically-aligned-center is-style-columns-reverse is-layout-flex wp-container-core-columns-is-layout-9c355430 wp-block-columns-is-layout-flex\"> <div class=\"wp-block-column is-vertically-aligned-center is-layout-flow wp-block-column-is-layout-flow\"> <h2 class=\"wp-block-heading\">eUnify<\/h2>    <p><strong>eUnify<\/strong> ist eine KI-gest\u00fctzte Integration- und Middleware-Plattform, die unterschiedliche Systeme, Daten und Prozesse nahtlos miteinander verbindet. Zum Beispiel CRM, ERP, HCM und Warenwirtschaftssysteme, um die Durchg\u00e4ngigkeit in komplexen Systemlandschaften zu gew\u00e4hrleisten. <\/p>    <div class=\"wp-block-buttons is-layout-flex wp-block-buttons-is-layout-flex\"> <div class=\"wp-block-button\"><a class=\"wp-block-button__link wp-element-button\" href=\"https:\/\/www.cloudmaven.com\/de-de\/integrationen-middleware\/eunify\">mehr erfahren<\/a><\/div> <\/div> <\/div>    <div class=\"wp-block-column is-vertically-aligned-center is-layout-flow wp-block-column-is-layout-flow\"> <figure class=\"wp-block-image size-full\"><a href=\"https:\/\/www.cloudmaven.com\/de-de\/integrationen-middleware\/eunify\"><img decoding=\"async\" src=\"https:\/\/www.cloudmaven.com\/wp-content\/uploads\/2026\/01\/solutions_eunify-1.svg\" alt=\"\" class=\"wp-image-2895\" style=\"aspect-ratio:4\/3;object-fit:cover\"\/><\/a><\/figure> <\/div> <\/div> <\/div>","protected":false},"excerpt":{"rendered":"<p>Integrationen NetSuite &gt; Perk Integration Die NetSuite &gt; Perk Integration verbindet Ihr ERP nahtlos mit dem Reisekosten- und Spesenmanagement. Belege, Abrechnungen und Buchungen werden automatisiert synchronisiert. Sie profitieren von effizienten Prozessen, transparenter Kostenkontrolle und einer durchg\u00e4ngigen Finanzsteuerung. Personio &gt; NetSuite Integration Die Personio &gt; NetSuite Integration verbindet Ihr HR-System nahtlos mit dem ERP. Mitarbeiterstammdaten, Organisationsstrukturen [&hellip;]<\/p>\n","protected":false},"author":1,"featured_media":0,"parent":0,"menu_order":3,"comment_status":"closed","ping_status":"closed","template":"","meta":{"_acf_changed":false,"footnotes":""},"class_list":["post-3566","page","type-page","status-publish","hentry"],"acf":[],"_links":{"self":[{"href":"https:\/\/www.cloudmaven.com\/de-de\/wp-json\/wp\/v2\/pages\/3566","targetHints":{"allow":["GET"]}}],"collection":[{"href":"https:\/\/www.cloudmaven.com\/de-de\/wp-json\/wp\/v2\/pages"}],"about":[{"href":"https:\/\/www.cloudmaven.com\/de-de\/wp-json\/wp\/v2\/types\/page"}],"author":[{"embeddable":true,"href":"https:\/\/www.cloudmaven.com\/de-de\/wp-json\/wp\/v2\/users\/1"}],"replies":[{"embeddable":true,"href":"https:\/\/www.cloudmaven.com\/de-de\/wp-json\/wp\/v2\/comments?post=3566"}],"version-history":[{"count":8,"href":"https:\/\/www.cloudmaven.com\/de-de\/wp-json\/wp\/v2\/pages\/3566\/revisions"}],"predecessor-version":[{"id":3777,"href":"https:\/\/www.cloudmaven.com\/de-de\/wp-json\/wp\/v2\/pages\/3566\/revisions\/3777"}],"wp:attachment":[{"href":"https:\/\/www.cloudmaven.com\/de-de\/wp-json\/wp\/v2\/media?parent=3566"}],"curies":[{"name":"wp","href":"https:\/\/api.w.org\/{rel}","templated":true}]}}