{"id":3553,"date":"2026-01-27T20:31:32","date_gmt":"2026-01-27T19:31:32","guid":{"rendered":"https:\/\/www.cloudmaven.com\/unsere-expertise\/karriere"},"modified":"2026-03-10T15:52:30","modified_gmt":"2026-03-10T14:52:30","slug":"karriere","status":"publish","type":"page","link":"https:\/\/www.cloudmaven.com\/de-de\/ueber-uns\/karriere","title":{"rendered":"Karriere"},"content":{"rendered":"<div class=\"wp-block-cover alignfull\" style=\"padding-top:0;padding-right:0;padding-bottom:0;padding-left:0;min-height:100px;aspect-ratio:unset;\"><img decoding=\"async\" class=\"wp-block-cover__image-background wp-image-125 size-full\" alt=\"\" src=\"https:\/\/www.cloudmaven.com\/wp-content\/uploads\/2025\/12\/header_background-01.svg\" data-object-fit=\"cover\"\/><span aria-hidden=\"true\" class=\"wp-block-cover__background has-background-dim\" style=\"background-color:#10537b\"><\/span><div class=\"wp-block-cover__inner-container is-layout-constrained wp-container-core-cover-is-layout-639b5052 wp-block-cover-is-layout-constrained\"> <p class=\"has-text-align-center\"><\/p> <\/div><\/div>  <h1 class=\"wp-block-heading\" style=\"margin-bottom:var(--wp--preset--spacing--four)\">Karriere<\/h1>  <div class=\"wp-block-query is-layout-flow wp-block-query-is-layout-flow\"><ul class=\"wp-block-post-template is-layout-flow wp-container-core-post-template-is-layout-44de2f22 wp-block-post-template-is-layout-flow\"><li class=\"wp-block-post post-3557 jobs type-jobs status-publish hentry\">  <div class=\"wp-block-group has-light-blue-background-color has-background is-layout-constrained wp-container-core-group-is-layout-36c7cb24 wp-block-group-is-layout-constrained\" style=\"padding-top:var(--wp--preset--spacing--two);padding-right:var(--wp--preset--spacing--two);padding-bottom:var(--wp--preset--spacing--two);padding-left:var(--wp--preset--spacing--two)\"><h2 class=\"has-link-color wp-elements-e2916603061f7d157cfe9a72482e5282 wp-block-post-title has-text-color has-blue-color\"><a href=\"https:\/\/www.cloudmaven.com\/de-de\/blog\/ueber-uns\/karriere\/netsuite-lead-consultant\" target=\"_self\" >NetSuite Lead Consultant<\/a><\/h2>   <div class=\"wp-block-group is-nowrap is-layout-flex wp-container-core-group-is-layout-6c531013 wp-block-group-is-layout-flex\">  <\/div>   <div class=\"wp-block-post-excerpt\"><p class=\"wp-block-post-excerpt__excerpt\">Fokus: Oracle NetSuite | Remote \/ Hybrid \/ Berlin | Start: Sofort Was diese Position besonders macht Gestalten Sie mit uns die Zukunft von Unternehmen &#8211; \u00fcber alle Branchen und Unternehmensgr\u00f6\u00dfen hinweg. Wollen Sie mehr als das Erstellen von PowerPoint-Pr\u00e4sentationen oder Beratung ohne nachhaltige Wirkung? Wollen Sie wirklich etwas bewirken &#8211; f\u00fcr Unternehmen, im Team<\/p><p class=\"wp-block-post-excerpt__more-text\"><a class=\"wp-block-post-excerpt__more-link\" href=\"https:\/\/www.cloudmaven.com\/de-de\/blog\/ueber-uns\/karriere\/netsuite-lead-consultant\">Mehr Informationen<\/a><\/p><\/div><\/div>  <\/li><\/ul>  <\/div>","protected":false},"excerpt":{"rendered":"<p>Karriere<\/p>\n","protected":false},"author":1,"featured_media":0,"parent":3531,"menu_order":3,"comment_status":"closed","ping_status":"closed","template":"","meta":{"_acf_changed":false,"footnotes":""},"class_list":["post-3553","page","type-page","status-publish","hentry"],"acf":[],"_links":{"self":[{"href":"https:\/\/www.cloudmaven.com\/de-de\/wp-json\/wp\/v2\/pages\/3553","targetHints":{"allow":["GET"]}}],"collection":[{"href":"https:\/\/www.cloudmaven.com\/de-de\/wp-json\/wp\/v2\/pages"}],"about":[{"href":"https:\/\/www.cloudmaven.com\/de-de\/wp-json\/wp\/v2\/types\/page"}],"author":[{"embeddable":true,"href":"https:\/\/www.cloudmaven.com\/de-de\/wp-json\/wp\/v2\/users\/1"}],"replies":[{"embeddable":true,"href":"https:\/\/www.cloudmaven.com\/de-de\/wp-json\/wp\/v2\/comments?post=3553"}],"version-history":[{"count":3,"href":"https:\/\/www.cloudmaven.com\/de-de\/wp-json\/wp\/v2\/pages\/3553\/revisions"}],"predecessor-version":[{"id":3720,"href":"https:\/\/www.cloudmaven.com\/de-de\/wp-json\/wp\/v2\/pages\/3553\/revisions\/3720"}],"up":[{"embeddable":true,"href":"https:\/\/www.cloudmaven.com\/de-de\/wp-json\/wp\/v2\/pages\/3531"}],"wp:attachment":[{"href":"https:\/\/www.cloudmaven.com\/de-de\/wp-json\/wp\/v2\/media?parent=3553"}],"curies":[{"name":"wp","href":"https:\/\/api.w.org\/{rel}","templated":true}]}}