{"id":3549,"date":"2026-01-27T20:30:30","date_gmt":"2026-01-27T19:30:30","guid":{"rendered":"https:\/\/www.cloudmaven.com\/unsere-expertise\/erfolgsgeschichten"},"modified":"2026-03-10T15:52:31","modified_gmt":"2026-03-10T14:52:31","slug":"erfolgsgeschichten","status":"publish","type":"page","link":"https:\/\/www.cloudmaven.com\/de-de\/ueber-uns\/erfolgsgeschichten","title":{"rendered":"Erfolgsgeschichten"},"content":{"rendered":"<div class=\"wp-block-cover alignfull\"><img decoding=\"async\" class=\"wp-block-cover__image-background wp-image-779 size-full\" alt=\"\" src=\"https:\/\/www.cloudmaven.com\/wp-content\/uploads\/2025\/12\/header_background-05.svg\" data-object-fit=\"cover\"\/><span aria-hidden=\"true\" class=\"wp-block-cover__background has-background-dim\" style=\"background-color:#0f5780\"><\/span><div class=\"wp-block-cover__inner-container is-layout-constrained wp-block-cover-is-layout-constrained\"> <div class=\"wp-block-columns alignwide is-style-columns-reverse is-layout-flex wp-container-core-columns-is-layout-9c355430 wp-block-columns-is-layout-flex\"> <div class=\"wp-block-column is-vertically-aligned-center is-layout-flow wp-block-column-is-layout-flow\" style=\"flex-basis:60%\"> <h1 class=\"wp-block-heading\">Unsere Erfolgsgeschichten<\/h1>    <p class=\"has-medium-font-size\">Jede digitale L\u00f6sung, jede Implementation hat ihre eigene Erfolgsgeschichte. Lesen Sie unten einige Beispiele vieler erfolgreicher Partnerschaften. Wir beraten Sie gerne und helfen Ihnen auf dem Weg zu Ihrer eigenen Erfolgsgeschichte.  <\/p>    <div class=\"wp-block-buttons is-layout-flex wp-block-buttons-is-layout-flex\"> <div class=\"wp-block-button is-style-phone_button\"><a class=\"wp-block-button__link wp-element-button\" href=\"https:\/\/www.cloudmaven.com\/de-de\/kontakt\">Lassen Sie sich beraten<\/a><\/div> <\/div> <\/div>    <div class=\"wp-block-column is-vertically-aligned-center is-layout-flow wp-block-column-is-layout-flow\"> <figure class=\"wp-block-image size-full\"><img decoding=\"async\" src=\"https:\/\/www.cloudmaven.com\/wp-content\/uploads\/2026\/01\/illustration_expertise_success_stories.svg\" alt=\"\" class=\"wp-image-2284\"\/><\/figure> <\/div> <\/div> <\/div><\/div>      <div id=\"breadcrumbs-block_66330fdfcabbd7b9114f22a1a26f9b35\" class=\"breadcrumbs alignfull\">      <nav class=\"breadcrumbs-nav\">                 <a href=\"https:\/\/www.cloudmaven.com\/de-de\" class=\"home-link\">             <svg width=\"20\" height=\"16\" viewbox=\"0 0 20 16\" fill=\"none\" xmlns=\"http:\/\/www.w3.org\/2000\/svg\">                 <path d=\"M3.33334 15.5001V7.68761L1.83334 8.83344L0.833344 7.50011L10 0.500107L19.1667 7.50011L18.1667 8.81261L16.6667 7.68761V15.5001H3.33334ZM6.66668 10.5001C6.43057 10.5001 6.23265 10.4202 6.07293 10.2605C5.91321 10.1008 5.83334 9.90288 5.83334 9.66677C5.83334 9.43066 5.91321 9.23275 6.07293 9.07302C6.23265 8.9133 6.43057 8.83344 6.66668 8.83344C6.90279 8.83344 7.10071 8.9133 7.26043 9.07302C7.42015 9.23275 7.50001 9.43066 7.50001 9.66677C7.50001 9.90288 7.42015 10.1008 7.26043 10.2605C7.10071 10.4202 6.90279 10.5001 6.66668 10.5001ZM10 10.5001C9.7639 10.5001 9.56598 10.4202 9.40626 10.2605C9.24654 10.1008 9.16668 9.90288 9.16668 9.66677C9.16668 9.43066 9.24654 9.23275 9.40626 9.07302C9.56598 8.9133 9.7639 8.83344 10 8.83344C10.2361 8.83344 10.434 8.9133 10.5938 9.07302C10.7535 9.23275 10.8333 9.43066 10.8333 9.66677C10.8333 9.90288 10.7535 10.1008 10.5938 10.2605C10.434 10.4202 10.2361 10.5001 10 10.5001ZM13.3333 10.5001C13.0972 10.5001 12.8993 10.4202 12.7396 10.2605C12.5799 10.1008 12.5 9.90288 12.5 9.66677C12.5 9.43066 12.5799 9.23275 12.7396 9.07302C12.8993 8.9133 13.0972 8.83344 13.3333 8.83344C13.5695 8.83344 13.7674 8.9133 13.9271 9.07302C14.0868 9.23275 14.1667 9.43066 14.1667 9.66677C14.1667 9.90288 14.0868 10.1008 13.9271 10.2605C13.7674 10.4202 13.5695 10.5001 13.3333 10.5001Z\" fill=\"#939090\"\/>             <\/svg>         <\/a>             <\/nav> <\/div>   <div class=\"wp-block-query alignfull is-layout-flow wp-block-query-is-layout-flow\"><ul class=\"wp-block-post-template is-layout-flow wp-container-core-post-template-is-layout-ea1fff98 wp-block-post-template-is-layout-flow\"><li class=\"wp-block-post post-3542 success_story type-success_story status-publish has-post-thumbnail hentry\">  <div class=\"wp-block-columns are-vertically-aligned-center is-layout-flex wp-container-core-columns-is-layout-9c355430 wp-block-columns-is-layout-flex\"> <div class=\"wp-block-column is-vertically-aligned-center is-layout-flow wp-block-column-is-layout-flow\"><h2 class=\"wp-block-post-title\"><a href=\"https:\/\/www.cloudmaven.com\/de-de\/blog\/ueber-uns\/erfolgsgeschichten\/scenic-case-study\" target=\"_self\" >Scenic Case Study<\/a><\/h2>  <div    id=\"metafield-block_3b043003401782839566bb94defc5f8e\"     class=\"metafield\"     data-metafield-name=\"subline\"     data-metafield-type=\"text\"     >     <span data-key=\"subline\" data-value=\"Modernisierung des Finanzmanagements &amp; Systemintegration mit NetSuite\">Modernisierung des Finanzmanagements &amp; Systemintegration mit NetSuite<\/span><\/div>   <div class=\"wp-block-post-excerpt\"><p class=\"wp-block-post-excerpt__excerpt\">Scenic Tours is a leading travel company specializing in luxury, curated experiences worldwide. With our help, they successfully restructured their financial management and integrated their existing system.<\/p><p class=\"wp-block-post-excerpt__more-text\"><a class=\"wp-block-post-excerpt__more-link\" href=\"https:\/\/www.cloudmaven.com\/de-de\/blog\/ueber-uns\/erfolgsgeschichten\/scenic-case-study\">mehr erfahren<\/a><\/p><\/div><\/div>    <div class=\"wp-block-column is-vertically-aligned-center is-layout-flow wp-block-column-is-layout-flow\"><figure class=\"wp-block-post-featured-image\"><a href=\"https:\/\/www.cloudmaven.com\/de-de\/blog\/ueber-uns\/erfolgsgeschichten\/scenic-case-study\" target=\"_self\"  ><img loading=\"lazy\" decoding=\"async\" width=\"868\" height=\"652\" src=\"https:\/\/www.cloudmaven.com\/wp-content\/uploads\/2026\/01\/scenic_photo.jpg\" class=\"attachment-post-thumbnail size-post-thumbnail wp-post-image\" alt=\"Scenic Case Study\" style=\"object-fit:cover;\" srcset=\"https:\/\/www.cloudmaven.com\/wp-content\/uploads\/2026\/01\/scenic_photo.jpg 868w, https:\/\/www.cloudmaven.com\/wp-content\/uploads\/2026\/01\/scenic_photo-300x225.jpg 300w, https:\/\/www.cloudmaven.com\/wp-content\/uploads\/2026\/01\/scenic_photo-768x577.jpg 768w\" sizes=\"auto, (max-width: 868px) 100vw, 868px\" \/><\/a><\/figure><\/div> <\/div>  <\/li><li class=\"wp-block-post post-3544 success_story type-success_story status-publish has-post-thumbnail hentry\">  <div class=\"wp-block-columns are-vertically-aligned-center is-layout-flex wp-container-core-columns-is-layout-9c355430 wp-block-columns-is-layout-flex\"> <div class=\"wp-block-column is-vertically-aligned-center is-layout-flow wp-block-column-is-layout-flow\"><h2 class=\"wp-block-post-title\"><a href=\"https:\/\/www.cloudmaven.com\/de-de\/blog\/ueber-uns\/erfolgsgeschichten\/perk-case-study\" target=\"_self\" >Perk Case Study<\/a><\/h2>  <div    id=\"metafield-block_36113935e748eef7baaf285668daeee7\"     class=\"metafield\"     data-metafield-name=\"subline\"     data-metafield-type=\"text\"     >     <span data-key=\"subline\" data-value=\"NetSuite ERP-Implementierung &amp; Finance Transformation mit Intercompany-Fokus\">NetSuite ERP-Implementierung &amp; Finance Transformation mit Intercompany-Fokus<\/span><\/div>   <div class=\"wp-block-post-excerpt\"><p class=\"wp-block-post-excerpt__excerpt\">Perk ist ein Technologieunternehmen, das sich auf L\u00f6sungen f\u00fcr das Ausgabenmanagement und die Automatisierung in Unternehmen spezialisiert hat, um Prozesse zu optimieren und die Effizienz zu steigern. Cloudmaven half dem Unternehmen erfolgreich bei der Implementierung eines neuen Finanzmanagements mit Intercompany-Framework, Berichterstattung, Steuern und Lokalisierungen.<\/p><p class=\"wp-block-post-excerpt__more-text\"><a class=\"wp-block-post-excerpt__more-link\" href=\"https:\/\/www.cloudmaven.com\/de-de\/blog\/ueber-uns\/erfolgsgeschichten\/perk-case-study\">mehr erfahren<\/a><\/p><\/div><\/div>    <div class=\"wp-block-column is-vertically-aligned-center is-layout-flow wp-block-column-is-layout-flow\"><figure class=\"wp-block-post-featured-image\"><a href=\"https:\/\/www.cloudmaven.com\/de-de\/blog\/ueber-uns\/erfolgsgeschichten\/perk-case-study\" target=\"_self\"  ><img loading=\"lazy\" decoding=\"async\" width=\"850\" height=\"634\" src=\"https:\/\/www.cloudmaven.com\/wp-content\/uploads\/2026\/01\/perkSuccessStory.jpg\" class=\"attachment-post-thumbnail size-post-thumbnail wp-post-image\" alt=\"Perk Case Study\" style=\"object-fit:cover;\" srcset=\"https:\/\/www.cloudmaven.com\/wp-content\/uploads\/2026\/01\/perkSuccessStory.jpg 850w, https:\/\/www.cloudmaven.com\/wp-content\/uploads\/2026\/01\/perkSuccessStory-300x224.jpg 300w, https:\/\/www.cloudmaven.com\/wp-content\/uploads\/2026\/01\/perkSuccessStory-768x573.jpg 768w\" sizes=\"auto, (max-width: 850px) 100vw, 850px\" \/><\/a><\/figure><\/div> <\/div>  <\/li><li class=\"wp-block-post post-3546 success_story type-success_story status-publish has-post-thumbnail hentry\">  <div class=\"wp-block-columns are-vertically-aligned-center is-layout-flex wp-container-core-columns-is-layout-9c355430 wp-block-columns-is-layout-flex\"> <div class=\"wp-block-column is-vertically-aligned-center is-layout-flow wp-block-column-is-layout-flow\"><h2 class=\"wp-block-post-title\"><a href=\"https:\/\/www.cloudmaven.com\/de-de\/blog\/ueber-uns\/erfolgsgeschichten\/amann-case-study\" target=\"_self\" >AMANN Case Study<\/a><\/h2>  <div    id=\"metafield-block_a0ddb25e7e656706d7e944e8f9fb3d6e\"     class=\"metafield\"     data-metafield-name=\"subline\"     data-metafield-type=\"text\"     >     <span data-key=\"subline\" data-value=\"AI-gest\u00fctzte Prozessoptimierung &amp; SAP-integriertes Ausgabenmanagement\">AI-gest\u00fctzte Prozessoptimierung &amp; SAP-integriertes Ausgabenmanagement<\/span><\/div>   <div class=\"wp-block-post-excerpt\"><p class=\"wp-block-post-excerpt__excerpt\">AMANN ist ein f\u00fchrender globaler Textilhersteller (~2.700 Mitarbeitende, 19 L\u00e4nder, 100+ M\u00e4rkte). Cloudmaven verhalf u.A. AMANN zu einem zentralisierten, KI-gest\u00fctztem Ausgabemanagement mit tiefer SAP-Integration.<\/p><p class=\"wp-block-post-excerpt__more-text\"><a class=\"wp-block-post-excerpt__more-link\" href=\"https:\/\/www.cloudmaven.com\/de-de\/blog\/ueber-uns\/erfolgsgeschichten\/amann-case-study\">mehr erfahren<\/a><\/p><\/div><\/div>    <div class=\"wp-block-column is-vertically-aligned-center is-layout-flow wp-block-column-is-layout-flow\"><figure class=\"wp-block-post-featured-image\"><a href=\"https:\/\/www.cloudmaven.com\/de-de\/blog\/ueber-uns\/erfolgsgeschichten\/amann-case-study\" target=\"_self\"  ><img loading=\"lazy\" decoding=\"async\" width=\"800\" height=\"596\" src=\"https:\/\/www.cloudmaven.com\/wp-content\/uploads\/2026\/01\/success-amann.jpeg\" class=\"attachment-post-thumbnail size-post-thumbnail wp-post-image\" alt=\"AMANN Case Study\" style=\"object-fit:cover;\" srcset=\"https:\/\/www.cloudmaven.com\/wp-content\/uploads\/2026\/01\/success-amann.jpeg 800w, https:\/\/www.cloudmaven.com\/wp-content\/uploads\/2026\/01\/success-amann-300x224.jpeg 300w, https:\/\/www.cloudmaven.com\/wp-content\/uploads\/2026\/01\/success-amann-768x572.jpeg 768w\" sizes=\"auto, (max-width: 800px) 100vw, 800px\" \/><\/a><\/figure><\/div> <\/div>  <\/li><\/ul>  <\/div>","protected":false},"excerpt":{"rendered":"","protected":false},"author":1,"featured_media":0,"parent":3531,"menu_order":2,"comment_status":"closed","ping_status":"closed","template":"","meta":{"_acf_changed":false,"footnotes":""},"class_list":["post-3549","page","type-page","status-publish","hentry"],"acf":[],"_links":{"self":[{"href":"https:\/\/www.cloudmaven.com\/de-de\/wp-json\/wp\/v2\/pages\/3549","targetHints":{"allow":["GET"]}}],"collection":[{"href":"https:\/\/www.cloudmaven.com\/de-de\/wp-json\/wp\/v2\/pages"}],"about":[{"href":"https:\/\/www.cloudmaven.com\/de-de\/wp-json\/wp\/v2\/types\/page"}],"author":[{"embeddable":true,"href":"https:\/\/www.cloudmaven.com\/de-de\/wp-json\/wp\/v2\/users\/1"}],"replies":[{"embeddable":true,"href":"https:\/\/www.cloudmaven.com\/de-de\/wp-json\/wp\/v2\/comments?post=3549"}],"version-history":[{"count":3,"href":"https:\/\/www.cloudmaven.com\/de-de\/wp-json\/wp\/v2\/pages\/3549\/revisions"}],"predecessor-version":[{"id":3719,"href":"https:\/\/www.cloudmaven.com\/de-de\/wp-json\/wp\/v2\/pages\/3549\/revisions\/3719"}],"up":[{"embeddable":true,"href":"https:\/\/www.cloudmaven.com\/de-de\/wp-json\/wp\/v2\/pages\/3531"}],"wp:attachment":[{"href":"https:\/\/www.cloudmaven.com\/de-de\/wp-json\/wp\/v2\/media?parent=3549"}],"curies":[{"name":"wp","href":"https:\/\/api.w.org\/{rel}","templated":true}]}}